{"id":13995,"date":"2023-08-30T12:13:18","date_gmt":"2023-08-30T10:13:18","guid":{"rendered":"https:\/\/solidscanner.com\/?page_id=13995"},"modified":"2024-07-15T14:56:49","modified_gmt":"2024-07-15T12:56:49","slug":"agb","status":"publish","type":"page","link":"https:\/\/solidscanner.com\/de\/agb\/","title":{"rendered":"AGB"},"content":{"rendered":"<h1>Allgemeine Gesch\u00e4ftsbedingungen<\/h1>\n<h3>\u00a7 1 Geltung, Begriffsdefinitionen<\/h3>\n<p>(1) Ste\u00adfan Eich\u00adhorn, Pasin\u00adger Bahn\u00adhofs\u00adplatz 4, 81241 M\u00fcn\u00adchen, Deutsch\u00adland (im Fol\u00adgen\u00adden: \u201ewir\u201c oder \u201eSolid Scan\u00adner\u201c) betreibt unter der Web\u00adsei\u00adte https:\/\/solidscanner.com einen Online-Shop f\u00fcr Waren und Digi\u00adta\u00adle G\u00fcter. Die nach\u00adfol\u00adgen\u00adden all\u00adge\u00admei\u00adnen Gesch\u00e4fts\u00adbe\u00addin\u00adgun\u00adgen gel\u00adten f\u00fcr alle Leis\u00adtun\u00adgen zwi\u00adschen uns und unse\u00adren Kun\u00adden (im Fol\u00adgen\u00adden: \u201eKun\u00adde\u201c oder \u201eSie\u201c) in ihrer zum Zeit\u00adpunkt der Bestel\u00adlung g\u00fcl\u00adti\u00adgen Fas\u00adsung, soweit nicht etwas ande\u00adres aus\u00addr\u00fcck\u00adlich ver\u00adein\u00adbart&nbsp;wurde.<\/p>\n<p>(2) \u201eVer\u00adbrau\u00adcher\u201c im Sin\u00adne die\u00adser Gesch\u00e4fts\u00adbe\u00addin\u00adgun\u00adgen ist jede nat\u00fcr\u00adli\u00adche Per\u00adson, die ein Rechts\u00adge\u00adsch\u00e4ft zu Zwe\u00adcken abschlie\u00dft, die \u00fcber\u00adwie\u00adgend weder ihrer gewerb\u00adli\u00adchen noch ihrer selb\u00adst\u00e4n\u00addi\u00adgen beruf\u00adli\u00adchen T\u00e4tig\u00adkeit zuge\u00adrech\u00adnet wer\u00adden k\u00f6n\u00adnen. \u201eUnter\u00adneh\u00admer\u201c ist eine nat\u00fcr\u00adli\u00adche oder juris\u00adti\u00adsche Per\u00adson oder eine rechts\u00adf\u00e4\u00adhi\u00adge Per\u00adso\u00adnen\u00adge\u00adsell\u00adschaft, die bei Abschluss eines Rechts\u00adge\u00adsch\u00e4fts in Aus\u00ad\u00fcbung ihrer gewerb\u00adli\u00adchen oder selb\u00adst\u00e4n\u00addi\u00adgen beruf\u00adli\u00adchen T\u00e4tig\u00adkeit han\u00addelt, wobei eine rechts\u00adf\u00e4\u00adhi\u00adge Per\u00adso\u00adnen\u00adge\u00adsell\u00adschaft eine Per\u00adso\u00adnen\u00adge\u00adsell\u00adschaft ist, die mit der F\u00e4hig\u00adkeit aus\u00adge\u00adstat\u00adtet ist, Rech\u00adte zu erwer\u00adben und Ver\u00adbind\u00adlich\u00adkei\u00adten einzugehen.<\/p>\n<h3>\u00a7 2 Zustandekommen der Vertr\u00e4ge, Speicherung des Vertragstextes<\/h3>\n<p>(1) Die fol\u00adgen\u00adden Rege\u00adlun\u00adgen \u00fcber den Ver\u00adtrags\u00adab\u00adschluss gel\u00adten f\u00fcr Bestel\u00adlun\u00adgen \u00fcber unse\u00adren Online-Shop unter https:\/\/solidscanner.com.<\/p>\n<p>(2) Unse\u00adre Pro\u00addukt\u00addar\u00adstel\u00adlun\u00adgen im Inter\u00adnet sind unver\u00adbind\u00adlich und kein ver\u00adbind\u00adli\u00adches Ange\u00adbot zum Abschluss eines Vertrages.<\/p>\n<p>(3) Bei Ein\u00adgang einer Bestel\u00adlung in unse\u00adrem Online-Shop gel\u00adten fol\u00adgen\u00adde Rege\u00adlun\u00adgen: Der Kun\u00adde gibt ein bin\u00adden\u00addes Ver\u00adtrags\u00adan\u00adge\u00adbot ab, indem er die in unse\u00adrem Online-Shop vor\u00adge\u00adse\u00adhe\u00adne Bestell\u00adpro\u00adze\u00addur erfolg\u00adreich durch\u00adl\u00e4uft. Die Bestel\u00adlung erfolgt in fol\u00adgen\u00adden Schritten:<\/p>\n<ol>\n<li>Aus\u00adwahl der gew\u00fcnsch\u00adten Ware, der digi\u00adta\u00adlen&nbsp;G\u00fcter,<\/li>\n<li>Hin\u00adzu\u00adf\u00fc\u00adgen der Pro\u00adduk\u00adte durch Ankli\u00adcken des ent\u00adspre\u00adchen\u00adden But\u00adtons (z.B. \u201eIn den Waren\u00adkorb\u201c, \u201eIn die Ein\u00adkaufs\u00adta\u00adsche\u201c o.\u00e4.),<\/li>\n<li>Pr\u00fc\u00adfung der Anga\u00adben im Warenkorb,<\/li>\n<li>Auf\u00adru\u00adfen der Bestell\u00ad\u00fcber\u00adsicht durch Ankli\u00adcken des ent\u00adspre\u00adchen\u00adden But\u00adtons (z.B. \u201eWei\u00adter zur Kas\u00adse\u201c, \u201eWei\u00adter zur Zah\u00adlung\u201c, \u201eZur Bestell\u00ad\u00fcber\u00adsicht\u201c o.\u00e4.),<\/li>\n<li>Eingabe\/Pr\u00fcfung der Adress- und Kon\u00adtakt\u00adda\u00adten, Aus\u00adwahl der Zah\u00adlungs\u00adart, Best\u00e4\u00adti\u00adgung der AGB und Widerrufsbelehrung,<\/li>\n<li>Sofern die ver\u00adein\u00adbar\u00adte Beschaf\u00adfen\u00adheit der Ware von deren \u00fcbli\u00adchen Beschaf\u00adfen\u00adheit und Ver\u00adwen\u00addungs\u00advor\u00adaus\u00adset\u00adzun\u00adgen abweicht, Best\u00e4\u00adti\u00adgung einer nega\u00adti\u00adven Beschaffenheitsvereinbarung,<\/li>\n<li>Abschluss der Bestel\u00adlung durch Bet\u00e4\u00adti\u00adgung des But\u00adtons \u201eJetzt kau\u00adfen\u201c. Dies stellt Ihre ver\u00adbind\u00adli\u00adche Bestel\u00adlung&nbsp;dar.<\/li>\n<li>Der Ver\u00adtrag kommt zustan\u00adde, indem Ihnen inner\u00adhalb von drei Werk\u00adta\u00adgen an die ange\u00adge\u00adbe\u00adne E-Mail-Adres\u00adse eine Bestell\u00adbe\u00adst\u00e4\u00adti\u00adgung von uns zugeht.<\/li>\n<\/ol>\n<p>(4) Im Fal\u00adle des Ver\u00adtrags\u00adschlus\u00adses kommt der Ver\u00adtrag mit&nbsp;Ste\u00adfan Eich\u00adhorn, Pasin\u00adger Bahn\u00adhofs\u00adplatz 4, 81241 M\u00fcn\u00adchen, Deutsch\u00adland zustande.<\/p>\n<p>(5) Vor der Bestel\u00adlung k\u00f6n\u00adnen die Ver\u00adtrags\u00adda\u00adten \u00fcber die Druck\u00adfunk\u00adti\u00adon des Brow\u00adsers aus\u00adge\u00addruckt oder elek\u00adtro\u00adnisch gesi\u00adchert wer\u00adden. Die Abwick\u00adlung der Bestel\u00adlung und \u00dcber\u00admitt\u00adlung aller im Zusam\u00admen\u00adhang mit dem Ver\u00adtrags\u00adschluss erfor\u00adder\u00adli\u00adchen Infor\u00adma\u00adtio\u00adnen, ins\u00adbe\u00adson\u00adde\u00adre der Bestell\u00adda\u00adten, der AGB und der Wider\u00adrufs\u00adbe\u00adleh\u00adrung, erfolgt per E-Mail nach dem Aus\u00adl\u00f6\u00adsen der Bestel\u00adlung durch Sie, zum Teil auto\u00adma\u00adti\u00adsiert. Wir spei\u00adchern den Ver\u00adtrags\u00adtext nach Ver\u00adtrags\u00adschluss nicht.<\/p>\n<p>(6) Ein\u00adga\u00adbe\u00adfeh\u00adler k\u00f6n\u00adnen mit\u00adtels der \u00fcbli\u00adchen Tas\u00adta\u00adtur-, Maus- und Brow\u00adser-Funk\u00adtio\u00adnen (z.B. \u00bbZur\u00fcck-But\u00adton\u00ab des Brow\u00adsers) berich\u00adtigt wer\u00adden. Sie k\u00f6n\u00adnen auch dadurch berich\u00adtigt wer\u00adden, dass Sie den Bestell\u00advor\u00adgang vor\u00adzei\u00adtig abbre\u00adchen, das Brow\u00adser\u00adfens\u00adter schlie\u00ad\u00dfen und den Vor\u00adgang wiederholen.<\/p>\n<p>(7) Die Abwick\u00adlung der Bestel\u00adlung und \u00dcber\u00admitt\u00adlung aller im Zusam\u00admen\u00adhang mit dem Ver\u00adtrags\u00adschluss erfor\u00adder\u00adli\u00adchen Infor\u00adma\u00adtio\u00adnen erfolgt per E-Mail zum Teil auto\u00adma\u00adti\u00adsiert. Sie haben des\u00adhalb sicher\u00adzu\u00adstel\u00adlen, dass die von Ihnen bei uns hin\u00adter\u00adleg\u00adte E-Mail-Adres\u00adse zutref\u00adfend ist, der Emp\u00adfang der E-Mails tech\u00adnisch sicher\u00adge\u00adstellt und ins\u00adbe\u00adson\u00adde\u00adre nicht durch SPAM-Fil\u00adter ver\u00adhin\u00addert&nbsp;wird.<\/p>\n<h3>\u00a7 3 Gegenstand des Vertrages und wesentliche Merkmale der Produkte<\/h3>\n<p>(1) Bei unse\u00adrem Online-Shop ist Vertragsgegenstand:<\/p>\n<ol style=\"list-style-type: lower-alpha\">\n<li>Der Ver\u00adkauf von Waren. Die kon\u00adkret ange\u00adbo\u00adte\u00adnen Waren k\u00f6n\u00adnen Sie unse\u00adren Arti\u00adkel\u00adsei\u00adten entnehmen.<\/li>\n<li>Der Ver\u00adkauf von digi\u00adta\u00adlen G\u00fctern, z.B. Soft\u00adware oder Medi\u00aden\u00addown\u00adloads. Die kon\u00adkret ange\u00adbo\u00adte\u00adnen digi\u00adta\u00adlen G\u00fcter k\u00f6n\u00adnen Sie unse\u00adren Arti\u00adkel\u00adsei\u00adten entnehmen.<\/li>\n<\/ol>\n<p>(2) Die wesent\u00adli\u00adchen Merk\u00adma\u00adle der Ware und digi\u00adta\u00adlen G\u00fcter fin\u00adden sich in der Arti\u00adkel\u00adbe\u00adschrei\u00adbung. Sofern die ver\u00adein\u00adbar\u00adte Beschaf\u00adfen\u00adheit der Ware von deren \u00fcbli\u00adchen Beschaf\u00adfen\u00adheit und Ver\u00adwen\u00addungs\u00advor\u00adaus\u00adset\u00adzun\u00adgen abweicht, wird dar\u00adauf in der Arti\u00adkel\u00adbe\u00adschrei\u00adbung aus\u00addr\u00fcck\u00adlich hin\u00adge\u00adwie\u00adsen (nega\u00adti\u00adve Beschaf\u00adfen\u00adheits\u00adver\u00adein\u00adba\u00adrung). Soweit der Kun\u00adde sei\u00adne aus\u00addr\u00fcck\u00adli\u00adche Ein\u00adwil\u00adli\u00adgung in die nega\u00adti\u00adve Beschaf\u00adfen\u00adheits\u00adab\u00adwei\u00adchung erteilt hat, defi\u00adniert die\u00adse den Vertragsgegenstand.<\/p>\n<p>(3) F\u00fcr den Ver\u00adkauf digi\u00adta\u00adler Pro\u00adduk\u00adte gel\u00adten die aus der Pro\u00addukt\u00adbe\u00adschrei\u00adbung ersicht\u00adli\u00adchen oder sich sonst aus den Umst\u00e4n\u00adden erge\u00adben\u00adden Beschr\u00e4n\u00adkun\u00adgen, ins\u00adbe\u00adson\u00adde\u00adre zu Hard- und\/oder Soft\u00adware\u00adan\u00adfor\u00adde\u00adrun\u00adgen an die Ziel\u00adum\u00adge\u00adbung. Wenn nicht aus\u00addr\u00fcck\u00adlich etwas ande\u00adres ver\u00adein\u00adbart ist, ist Ver\u00adtrags\u00adge\u00adgen\u00adstand nur die&nbsp;pri\u00adva\u00adte und gewerb\u00adli\u00adche Nut\u00adzung der Pro\u00adduk\u00adte ohne das Recht zur Wei\u00adter\u00adver\u00ad\u00e4u\u00ad\u00dfe\u00adrung oder Unterlizensierung.<\/p>\n<h3>\u00a7 4 Preise, Versandkosten und Lieferung<\/h3>\n<p>(1) Die in den jewei\u00adli\u00adgen Ange\u00adbo\u00adten ange\u00adf\u00fchr\u00adten Prei\u00adse sowie die Ver\u00adsand\u00adkos\u00adten sind Gesamt\u00adprei\u00adse und beinhal\u00adten alle Preis\u00adbe\u00adstand\u00adtei\u00adle ein\u00adschlie\u00df\u00adlich aller anfal\u00adlen\u00adden Steuern.<\/p>\n<p>(2) Der jewei\u00adli\u00adge Kauf\u00adpreis ist vor der Lie\u00adfe\u00adrung des Pro\u00adduk\u00adtes zu leis\u00adten (Vor\u00adkas\u00adse), es sei denn, wir bie\u00adten aus\u00addr\u00fcck\u00adlich den Kauf auf Rech\u00adnung an. Die Ihnen zur Ver\u00adf\u00fc\u00adgung ste\u00adhen\u00adden Zah\u00adlungs\u00adar\u00adten sind unter einer ent\u00adspre\u00adchend bezeich\u00adne\u00adten Schalt\u00adfl\u00e4\u00adche im Online-Shop oder im jewei\u00adli\u00adgen Ange\u00adbot aus\u00adge\u00adwie\u00adsen. Soweit bei den ein\u00adzel\u00adnen Zah\u00adlungs\u00adar\u00adten nicht anders ange\u00adge\u00adben, sind die Zah\u00adlungs\u00adan\u00adspr\u00fc\u00adche sofort zur Zah\u00adlung f\u00e4llig.<\/p>\n<p>(3) Bei einem Kauf auf Rech\u00adnung betr\u00e4gt der Min\u00addest\u00adbe\u00adstell\u00adwert <span class=\"woocommerce-Price-amount amount\">0,00&nbsp;<span class=\"woocommerce-Price-currencySymbol\">\u20ac<\/span><\/span> und der H\u00f6chst\u00adbe\u00adstell\u00adwert&nbsp;<span class=\"woocommerce-Price-amount amount\">0,00&nbsp;<span class=\"woocommerce-Price-currencySymbol\">\u20ac<\/span><\/span> f\u00fcr die\u00adse Zahlungsart.<\/p>\n<p>(4) Zus\u00e4tz\u00adlich zu den ange\u00adge\u00adbe\u00adnen Prei\u00adsen k\u00f6n\u00adnen f\u00fcr die Lie\u00adfe\u00adrung von Pro\u00adduk\u00adten Ver\u00adsand\u00adkos\u00adten anfal\u00adlen, sofern der jewei\u00adli\u00adge Arti\u00adkel nicht als ver\u00adsand\u00adkos\u00adten\u00adfrei aus\u00adge\u00adwie\u00adsen ist. Die Ver\u00adsand\u00adkos\u00adten wer\u00adden Ihnen auf den Ange\u00adbo\u00adten, ggf. im Waren\u00adkorb\u00adsys\u00adtem und auf der Bestell\u00ad\u00fcber\u00adsicht noch\u00admals deut\u00adlich mitgeteilt.<\/p>\n<p>(5) Alle ange\u00adbo\u00adte\u00adnen Pro\u00adduk\u00adte sind, sofern nicht in der Pro\u00addukt\u00adbe\u00adschrei\u00adbung deut\u00adlich anders ange\u00adge\u00adben, sofort ver\u00adsand\u00adfer\u00adtig (Lie\u00adfer\u00adzeit: bis zu 14 Tage nach dem Ein\u00adgang der Zah\u00adlung bzw. nach dem Ein\u00adgang der Bestel\u00adlung bei einem Kauf auf Rechnung).<\/p>\n<p>(6) Es bestehen die fol\u00adgen\u00adden Lie\u00adfer\u00adge\u00adbiets\u00adbe\u00adschr\u00e4n\u00adkun\u00adgen: Die Lie\u00adfe\u00adrung erfolgt in fol\u00adgen\u00adde L\u00e4n\u00adder: Afgha\u00adni\u00adstan, \u00c4gyp\u00adten, \u00c5land, Alba\u00adni\u00aden, Alge\u00adri\u00aden, Ame\u00adri\u00adka\u00adnisch-Samoa, Ame\u00adri\u00adka\u00adni\u00adsche Jung\u00adfern\u00adin\u00adseln, Andor\u00adra, Ango\u00adla, Anguil\u00adla, Ant\u00adark\u00adti\u00adka, Anti\u00adgua und Bar\u00adbu\u00adda, \u00c4qua\u00adto\u00adri\u00adal\u00adgui\u00adnea, Argen\u00adti\u00adni\u00aden, Arme\u00adni\u00aden, Aru\u00adba, Aser\u00adbai\u00addschan, Aus\u00adtra\u00adli\u00aden, Baha\u00admas, Bah\u00adrain, Bar\u00adba\u00addos, Bel\u00adau, Bel\u00adgi\u00aden, Beli\u00adze, Ben\u00adin, Ber\u00admu\u00adda, Bhu\u00adtan, Boli\u00advi\u00aden, Bon\u00adaire, Saint Eusta\u00adti\u00adus and Saba, Bos\u00adni\u00aden und Her\u00adze\u00adgo\u00adwi\u00adna, Bots\u00adwa\u00adna, Bou\u00adve\u00adtin\u00adsel, Bra\u00adsi\u00adli\u00aden, Bri\u00adti\u00adsche Jung\u00adfern\u00adin\u00adseln, Bri\u00adti\u00adsches Ter\u00adri\u00adto\u00adri\u00adum im Indi\u00adschen Oze\u00adan, Bru\u00adnei, Bul\u00adga\u00adri\u00aden, Bur\u00adki\u00adna Faso, Burun\u00addi, Chi\u00adle, Chi\u00adna, Cook\u00adin\u00adseln, Cos\u00adta Rica, Cura\u00ad\u00c7ao, D\u00e4ne\u00admark, Deutsch\u00adland, Domi\u00adni\u00adca, Domi\u00adni\u00adka\u00adni\u00adsche Repu\u00adblik, Dschi\u00adbu\u00adti, Ecua\u00addor, El Sal\u00adva\u00addor, Elfen\u00adbein\u00adk\u00fcs\u00adte, Eri\u00adtrea, Est\u00adland, Eswa\u00adti\u00adni, Falk\u00adland\u00adin\u00adseln, F\u00e4r\u00f6\u00ader, Fidschi, Finn\u00adland, Frank\u00adreich, Fran\u00adz\u00f6\u00adsisch-Gua\u00adya\u00adna, Fran\u00adz\u00f6\u00adsisch-Poly\u00adne\u00adsi\u00aden, Fran\u00adz\u00f6\u00adsi\u00adsche S\u00fcd- und Ant\u00adark\u00adtis\u00adge\u00adbie\u00adte, Gabun, Gam\u00adbia, Geor\u00adgi\u00aden, Gha\u00adna, Gibral\u00adtar, Gre\u00adna\u00adda, Grie\u00adchen\u00adland, Gr\u00f6n\u00adland, Gua\u00adde\u00adlou\u00adpe, Guam, Gua\u00adte\u00adma\u00adla, Guern\u00adsey, Gui\u00adnea, Gui\u00adnea-Bis\u00adsau, Guya\u00adna, Hai\u00adti, Heard und McDo\u00adnald\u00adin\u00adseln, Hon\u00addu\u00adras, Hong\u00adkong, Indo\u00adne\u00adsi\u00aden, Irak, Iran, Irland, Island, Isle of Man, Isra\u00adel, Ita\u00adli\u00aden, Jamai\u00adka, Japan, Jemen, Jer\u00adsey, Jor\u00adda\u00adni\u00aden, Kai\u00adman\u00adin\u00adseln, Kam\u00adbo\u00addscha, Kame\u00adrun, Kana\u00adda, Kap Ver\u00adde, Kasach\u00adstan, Katar, Kir\u00adgi\u00adsi\u00adstan, Kiri\u00adba\u00adti, Kokos\u00adin\u00adseln (Kee\u00adling\u00adin\u00adseln), Kolum\u00adbi\u00aden, Komo\u00adren, Kon\u00adgo-Braz\u00adz\u00adaville, Kon\u00adgo-Kin\u00adsha\u00adsa, Kroa\u00adti\u00aden, Kuba, Kuwait, Laos, Leso\u00adtho, Lett\u00adland, Libe\u00adria, Liby\u00aden, Liech\u00adten\u00adstein, Litau\u00aden, Luxem\u00adburg, Macau, Mada\u00adgas\u00adkar, Mala\u00adwi, Malay\u00adsia, Male\u00addi\u00adven, Mali, Mal\u00adta, Marok\u00adko, Mar\u00adshall\u00adin\u00adseln, Mar\u00adti\u00adni\u00adque, Mau\u00adre\u00adta\u00adni\u00aden, Mau\u00adri\u00adti\u00adus, Mayot\u00adte, Mikro\u00adne\u00adsi\u00aden, Mol\u00adda\u00adwi\u00aden, Mona\u00adco, Mon\u00adgo\u00adlei, Mon\u00adte\u00adne\u00adgro, Monts\u00ader\u00adrat, Mosam\u00adbik, Myan\u00admar, Nami\u00adbia, Nau\u00adru, Nepal, Neu\u00adka\u00adle\u00addo\u00adni\u00aden, Neu\u00adsee\u00adland, Nica\u00adra\u00adgua, Nie\u00adder\u00adlan\u00adde, Niger, Nige\u00adria, Niue, Nord\u00adko\u00adrea, N\u00f6rd\u00adli\u00adche Maria\u00adnen, Nord\u00adma\u00adze\u00addo\u00adni\u00aden, Nor\u00adfolk\u00adin\u00adsel, Nor\u00adwe\u00adgen, Oman, \u00d6ster\u00adreich, Ost\u00adti\u00admor, Pal\u00e4s\u00adti\u00adnen\u00adsi\u00adsche Auto\u00adno\u00admie\u00adge\u00adbie\u00adte, Pana\u00adma, Papua-Neu\u00adgui\u00adnea, Para\u00adgu\u00aday, Peru, Phil\u00adip\u00adpi\u00adnen, Pit\u00adcairn\u00adin\u00adseln, Polen, Por\u00adtu\u00adgal, Puer\u00adto Rico, R\u00e9uni\u00adon, Ruan\u00adda, Rum\u00e4\u00adni\u00aden, S\u00e3o Tom\u00e9 and Pr\u00edn\u00adci\u00adpe, Saint Bar\u00adth\u00e9\u00adle\u00admy, Saint Mar\u00adtin (Dutch part), Saint-Pierre und Mique\u00adlon, Salo\u00admo\u00adnen, Sam\u00adbia, Samoa, San Mari\u00adno, Sau\u00addi-Ara\u00adbi\u00aden, Schwe\u00adden, Schweiz, Sene\u00adgal, Ser\u00adbi\u00aden, Sey\u00adchel\u00adlen, Sier\u00adra Leo\u00adne, Sim\u00adbab\u00adwe, Sin\u00adga\u00adpur, Slo\u00adwa\u00adkei, Slo\u00adwe\u00adni\u00aden, Soma\u00adlia, Spa\u00adni\u00aden, Sri Lan\u00adka, St. Hele\u00adna, St. Kitts und Nevis, St. Lucia, St. Mar\u00adtin (fran\u00adz\u00f6\u00adsi\u00adscher Teil), St. Vin\u00adcent und die Gre\u00adna\u00addi\u00adnen, S\u00fcd\u00adafri\u00adka, Sudan, S\u00fcd\u00adge\u00ador\u00adgi\u00aden \/ Sand\u00adwich-Inseln, S\u00fcd\u00adko\u00adrea, S\u00fcd\u00adsu\u00addan, Suri\u00adna\u00adme, Sval\u00adbard und Jan May\u00aden, Syri\u00aden, Tadschi\u00adki\u00adstan, Tai\u00adwan, Thai\u00adland, Togo, Tokel\u00adau, Ton\u00adga, Tri\u00adni\u00addad und Toba\u00adgo, Tschad, Tsche\u00adchi\u00aden, Tune\u00adsi\u00aden, T\u00fcr\u00adkei, Turk\u00adme\u00adni\u00adstan, Turks- und Cai\u00adcos\u00adin\u00adseln, Tuva\u00adlu, Ukrai\u00adne, Ungarn, United Sta\u00adtes (US) Minor Out\u00adly\u00ading Islands, Uru\u00adgu\u00aday, Usbe\u00adki\u00adstan, Vanua\u00adtu, Vati\u00adkan\u00adstadt, Vene\u00adzue\u00adla, Ver\u00adei\u00adnig\u00adte Ara\u00adbi\u00adsche Emi\u00adra\u00adte, Ver\u00adei\u00adnig\u00adte Staa\u00adten von Ame\u00adri\u00adka (USA), Ver\u00adei\u00adnig\u00adtes K\u00f6nig\u00adreich, Viet\u00adnam, Wal\u00adlis und Futuna, Weih\u00adnachts\u00adin\u00adsel, West\u00adsa\u00adha\u00adra, Zen\u00adtral\u00adafri\u00adka\u00adni\u00adsche Repu\u00adblik, Zypern.<\/p>\n<h3>\u00a7 5 Zur\u00fcckbehaltungsrecht, Eigentumsvorbehalt<\/h3>\n<p>(1) Ein Zur\u00fcck\u00adbe\u00adhal\u00adtungs\u00adrecht k\u00f6n\u00adnen Sie nur aus\u00ad\u00fcben, soweit es sich um For\u00adde\u00adrun\u00adgen aus dem\u00adsel\u00adben Ver\u00adtrags\u00adver\u00adh\u00e4lt\u00adnis handelt.<\/p>\n<p>(2) Die Ware bleibt bis zur voll\u00adst\u00e4n\u00addi\u00adgen Zah\u00adlung des Kauf\u00adprei\u00adses unser Eigentum.<\/p>\n<h3>\u00a7 6 Widerrufsrecht<\/h3>\n<p>Als Ver\u00adbrau\u00adcher haben Sie ein Wider\u00adrufs\u00adrecht. Die\u00adses rich\u00adtet sich nach unse\u00adrer <a href=\"https:\/\/solidscanner.com\/widerrufsbelehrung\/\">Wider\u00adrufs\u00adbe\u00adleh\u00adrung<\/a>.<\/p>\n<h3>\u00a7 7 Vertragssprache<\/h3>\n<p>Als Ver\u00adtrags\u00adspra\u00adche steht aus\u00adschlie\u00df\u00adlich Deutsch zur Verf\u00fcgung.<\/p>\n<h3>\u00a7 8 Haftung<\/h3>\n<p>(1) Vor\u00adbe\u00adhalt\u00adlich der nach\u00adfol\u00adgen\u00adden Aus\u00adnah\u00admen ist unse\u00adre Haf\u00adtung f\u00fcr ver\u00adtrag\u00adli\u00adche Pflicht\u00adver\u00adlet\u00adzun\u00adgen sowie aus uner\u00adlaub\u00adter Hand\u00adlung auf Vor\u00adsatz oder gro\u00adbe Fahr\u00adl\u00e4s\u00adsig\u00adkeit beschr\u00e4nkt.<\/p>\n<p>(2) Wir haf\u00adten bei leich\u00adter Fahr\u00adl\u00e4s\u00adsig\u00adkeit im Fal\u00adle der Ver\u00adlet\u00adzung des Lebens, des K\u00f6r\u00adpers, der Gesund\u00adheit oder bei Ver\u00adlet\u00adzung einer ver\u00adtrags\u00adwe\u00adsent\u00adli\u00adchen Pflicht unbe\u00adschr\u00e4nkt. Wenn wir durch leich\u00adte Fahr\u00adl\u00e4s\u00adsig\u00adkeit mit der Leis\u00adtung in Ver\u00adzug gera\u00adten sind, wenn die Leis\u00adtung unm\u00f6g\u00adlich gewor\u00adden ist oder wenn wir eine ver\u00adtrags\u00adwe\u00adsent\u00adli\u00adche Pflicht ver\u00adletzt haben, ist die Haf\u00adtung f\u00fcr dar\u00adauf zur\u00fcck\u00adzu\u00adf\u00fch\u00adren\u00adde Sach- und Ver\u00adm\u00f6\u00adgens\u00adsch\u00e4\u00adden auf den <strong>ver\u00adtrags\u00adty\u00adpisch vor\u00adher\u00adseh\u00adba\u00adren Scha\u00adden<\/strong> begrenzt. Eine ver\u00adtrags\u00adwe\u00adsent\u00adli\u00adche Pflicht ist eine sol\u00adche, deren Erf\u00fcl\u00adlung die ord\u00adnungs\u00adge\u00adm\u00e4\u00ad\u00dfe Durch\u00adf\u00fch\u00adrung des Ver\u00adtra\u00adges \u00fcber\u00adhaupt erst erm\u00f6g\u00adlicht, deren Ver\u00adlet\u00adzung die Errei\u00adchung des Ver\u00adtrags\u00adzwecks gef\u00e4hr\u00addet und auf deren Ein\u00adhal\u00adtung Sie regel\u00adm\u00e4\u00ad\u00dfig ver\u00adtrau\u00aden d\u00fcr\u00adfen. Dazu geh\u00f6rt ins\u00adbe\u00adson\u00adde\u00adre unse\u00adre Pflicht zum T\u00e4tig\u00adwer\u00adden und der Erf\u00fcl\u00adlung der ver\u00adtrag\u00adlich geschul\u00adde\u00adten Leis\u00adtung, die in \u00a7 3 beschrie\u00adben&nbsp;wird.<\/p>\n<p>(3) Unter\u00adl\u00e4sst es der Kun\u00adde beim Kauf einer Ware mit digi\u00adta\u00adlen Ele\u00admen\u00adten oder beim Kauf digi\u00adta\u00adler Pro\u00adduk\u00adte (digi\u00adta\u00adle Inhal\u00adte und Dienst\u00adleis\u00adtun\u00adgen), eine Aktua\u00adli\u00adsie\u00adrung, die ihm bereit\u00adge\u00adstellt und \u00fcber deren Ver\u00adf\u00fcg\u00adbar\u00adkeit er infor\u00admiert wor\u00adden ist, inner\u00adhalb einer ange\u00admes\u00adse\u00adnen Frist zu instal\u00adlie\u00adren, so haf\u00adten wir nicht f\u00fcr einen Sach\u00adman\u00adgel, der allein auf das Feh\u00adlen die\u00adser Aktua\u00adli\u00adsie\u00adrung zur\u00fcck\u00adzu\u00adf\u00fch\u00adren&nbsp;ist.<\/p>\n<h3>\u00a7 9&nbsp;Gew\u00e4hrleistung<\/h3>\n<p>(1) Die Gew\u00e4hr\u00adleis\u00adtung rich\u00adtet sich nach den gesetz\u00adli\u00adchen Bestimmungen.<\/p>\n<p>(2) Gegen\u00ad\u00fcber Unter\u00adneh\u00admern betr\u00e4gt die Gew\u00e4hr\u00adleis\u00adtungs\u00adfrist auf gelie\u00adfer\u00adte Sachen 12 Monate.<\/p>\n<p>(3) Als Ver\u00adbrau\u00adcher wer\u00adden Sie gebe\u00adten, die Sache\/die digi\u00adta\u00adlen G\u00fcter oder die erbrach\u00adte Dienst\u00adleis\u00adtung bei Ver\u00adtrags\u00ader\u00adf\u00fcl\u00adlung umge\u00adhend auf Voll\u00adst\u00e4n\u00addig\u00adkeit, offen\u00adsicht\u00adli\u00adche M\u00e4n\u00adgel und Trans\u00adport\u00adsch\u00e4\u00adden zu \u00fcber\u00adpr\u00fc\u00adfen und uns sowie dem Spe\u00addi\u00adteur Bean\u00adstan\u00addun\u00adgen schnellst\u00adm\u00f6g\u00adlich mit\u00adzu\u00adtei\u00adlen. Kom\u00admen Sie dem nicht nach, hat dies nat\u00fcr\u00adlich kei\u00adne Aus\u00adwir\u00adkung auf Ihre gesetz\u00adli\u00adchen Gew\u00e4hrleistungsanspr\u00fcche.<\/p>\n<h3>\u00a7 10&nbsp;Schlussbestimmungen\/Streitbeilegung<\/h3>\n<p>(1) Es gilt deut\u00adsches Recht. Bei Ver\u00adbrau\u00adchern gilt die\u00adse Rechts\u00adwahl nur, soweit hier\u00addurch der durch zwin\u00adgen\u00adde Bestim\u00admun\u00adgen des Rechts des Staa\u00adtes des gew\u00f6hn\u00adli\u00adchen Auf\u00adent\u00adhal\u00adtes des Ver\u00adbrau\u00adchers gew\u00e4hr\u00adte Schutz nicht ent\u00adzo\u00adgen wird (G\u00fcns\u00adtig\u00adkeits\u00adprin\u00adzip).<\/p>\n<p>(2) Die Bestim\u00admun\u00adgen des UN-Kauf\u00adrechts fin\u00adden aus\u00addr\u00fcck\u00adlich kei\u00adne Anwendung.<\/p>\n<p>(3) Sofern es sich beim Kun\u00adden um einen Kauf\u00admann, eine juris\u00adti\u00adsche Per\u00adson des \u00f6ffent\u00adli\u00adchen Rechts oder um ein \u00f6ffent\u00adlich-recht\u00adli\u00adches Son\u00adder\u00adver\u00adm\u00f6\u00adgen han\u00addelt, ist Gerichts\u00adstand f\u00fcr alle Strei\u00adtig\u00adkei\u00adten aus Ver\u00adtrags\u00adver\u00adh\u00e4lt\u00adnis\u00adsen zwi\u00adschen dem Kun\u00adden und dem Anbie\u00adter der Sitz des Anbieters.<\/p>\n<p>(4) \n\nZur Teil\u00adnah\u00adme an einem Streit\u00adbei\u00adle\u00adgungs\u00adver\u00adfah\u00adren vor einer Ver\u00adbrau\u00adcher\u00adschlich\u00adtungs\u00adstel\u00adle sind wir nicht ver\u00adpflich\u00adtet und nicht bereit.<\/p>\n","protected":false},"excerpt":{"rendered":"<p>All\u00adge\u00admei\u00adne Gesch\u00e4fts\u00adbe\u00addin\u00adgun\u00adgen \u00a7 1 Gel\u00adtung, Begriffs\u00adde\u00adfi\u00adni\u00adtio\u00adnen (1) Ste\u00adfan Eich\u00adhorn, Pasin\u00adger mehr&nbsp;lesen<\/p>\n","protected":false},"author":20,"featured_media":0,"parent":0,"menu_order":0,"comment_status":"closed","ping_status":"closed","template":"100-width.php","meta":{"wp_typography_post_enhancements_disabled":false,"footnotes":""},"class_list":["post-13995","page","type-page","status-publish","hentry"],"_links":{"self":[{"href":"https:\/\/solidscanner.com\/de\/wp-json\/wp\/v2\/pages\/13995","targetHints":{"allow":["GET"]}}],"collection":[{"href":"https:\/\/solidscanner.com\/de\/wp-json\/wp\/v2\/pages"}],"about":[{"href":"https:\/\/solidscanner.com\/de\/wp-json\/wp\/v2\/types\/page"}],"author":[{"embeddable":true,"href":"https:\/\/solidscanner.com\/de\/wp-json\/wp\/v2\/users\/20"}],"replies":[{"embeddable":true,"href":"https:\/\/solidscanner.com\/de\/wp-json\/wp\/v2\/comments?post=13995"}],"version-history":[{"count":0,"href":"https:\/\/solidscanner.com\/de\/wp-json\/wp\/v2\/pages\/13995\/revisions"}],"wp:attachment":[{"href":"https:\/\/solidscanner.com\/de\/wp-json\/wp\/v2\/media?parent=13995"}],"curies":[{"name":"wp","href":"https:\/\/api.w.org\/{rel}","templated":true}]}}