{"id":17112,"date":"2025-06-14T16:54:15","date_gmt":"2025-06-14T14:54:15","guid":{"rendered":"https:\/\/solidscanner.com\/solutions\/"},"modified":"2025-08-14T15:03:23","modified_gmt":"2025-08-14T13:03:23","slug":"loesungen","status":"publish","type":"page","link":"https:\/\/solidscanner.com\/de\/loesungen\/","title":{"rendered":"L\u00f6sungen"},"content":{"rendered":"<div class=\"fusion-fullwidth fullwidth-box fusion-builder-row-1 fusion-flex-container has-pattern-background has-mask-background nonhundred-percent-fullwidth non-hundred-percent-height-scrolling\" style=\"--awb-border-radius-top-left:0px;--awb-border-radius-top-right:0px;--awb-border-radius-bottom-right:0px;--awb-border-radius-bottom-left:0px;--awb-flex-wrap:wrap;\"><div class=\"fusion-builder-row fusion-row fusion-flex-align-items-flex-start fusion-flex-content-wrap\" style=\"max-width:1248px;margin-left: calc(-4% \/ 2 );margin-right: calc(-4% \/ 2 );\"><div class=\"fusion-layout-column fusion_builder_column fusion-builder-column-0 fusion_builder_column_1_1 1_1 fusion-flex-column\" style=\"--awb-bg-size:cover;--awb-width-large:100%;--awb-margin-top-large:0px;--awb-spacing-right-large:1.92%;--awb-margin-bottom-large:20px;--awb-spacing-left-large:1.92%;--awb-width-medium:100%;--awb-order-medium:0;--awb-spacing-right-medium:1.92%;--awb-spacing-left-medium:1.92%;--awb-width-small:100%;--awb-order-small:0;--awb-spacing-right-small:1.92%;--awb-spacing-left-small:1.92%;\"><div class=\"fusion-column-wrapper fusion-column-has-shadow fusion-flex-justify-content-flex-start fusion-content-layout-column\"><div class=\"fusion-title title fusion-title-1 fusion-sep-none fusion-title-text fusion-title-size-one\" style=\"--awb-margin-top-small:10px;--awb-margin-right-small:0px;--awb-margin-bottom-small:10px;--awb-margin-left-small:0px;\"><h1 class=\"fusion-title-heading title-heading-left fusion-responsive-typography-calculated\" style=\"margin:0;--fontSize:54;line-height:1.16;\"><p><span class=\"verlauf\">Intel\u00adli\u00adgen\u00adte Scanl\u00f6sungen<\/span><br>\nf\u00fcr Kunst\u00adstof\u00adfe, Tex\u00adti\u00adli\u00aden und Qualit\u00e4tssicherung<\/p><\/h1><\/div><div class=\"fusion-separator fusion-full-width-sep\" style=\"align-self: center;margin-left: auto;margin-right: auto;margin-bottom:30px;width:100%;\"><\/div><div class=\"fusion-text fusion-text-1\"><p>Solid Scan\u00adner ver\u00adbin\u00addet Fach\u00adleu\u00adte aus den Berei\u00adchen Recy\u00adcling, Pro\u00adduk\u00adti\u00adon und Nach\u00adhal\u00adtig\u00adkeit mit den effek\u00adtivs\u00adten mobi\u00adlen Mate\u00adri\u00adal\u00adana\u00adly\u00adsa\u00adto\u00adren auf dem Markt. Unse\u00adre NIR-basier\u00adten L\u00f6sun\u00adgen hel\u00adfen dabei, Mate\u00adria\u00adli\u00aden zu iden\u00adti\u00adfi\u00adzie\u00adren, Qua\u00adli\u00adt\u00e4t zu veri\u00adfi\u00adzie\u00adren und Recy\u00adcling\u00adf\u00e4\u00adhig\u00adkeit zu eva\u00adlu\u00adie\u00adren \u2013 sofort und zuver\u00adl\u00e4s\u00adsig, wo immer sie ben\u00f6\u00adtigt werden.&nbsp;<\/p>\n<p>Alle L\u00f6sun\u00adgen basie\u00adren auf trag\u00adba\u00adrer NIR-Spek\u00adtro\u00adsko\u00adpie und wer\u00adden durch robus\u00adte Daten\u00adver\u00adar\u00adbei\u00adtung in der Cloud unterst\u00fctzt.<\/p>\n<\/div><div class=\"fusion-separator fusion-full-width-sep\" style=\"align-self: center;margin-left: auto;margin-right: auto;margin-bottom:50px;width:100%;\"><\/div><div class=\"fusion-title title fusion-title-2 fusion-sep-none fusion-title-text fusion-title-size-two\" style=\"--awb-margin-top-small:10px;--awb-margin-right-small:0px;--awb-margin-bottom-small:10px;--awb-margin-left-small:0px;\"><h2 class=\"fusion-title-heading title-heading-left fusion-responsive-typography-calculated\" style=\"margin:0;--fontSize:30;line-height:1.2;\">Erkunden Sie unsere Scannerl\u00f6sungen<\/h2><\/div><div class=\"fusion-separator\" style=\"align-self: flex-start;margin-right:auto;margin-top:20px;margin-bottom:50px;width:100%;max-width:250px;\"><div class=\"fusion-separator-border sep-single sep-solid\" style=\"--awb-height:20px;--awb-amount:20px;--awb-sep-color:var(--awb-color7);border-color:var(--awb-color7);border-top-width:3px;\"><\/div><\/div><div class=\"fusion-title title fusion-title-3 fusion-sep-none fusion-title-text fusion-title-size-three\" style=\"--awb-margin-top-small:10px;--awb-margin-right-small:0px;--awb-margin-bottom-small:10px;--awb-margin-left-small:0px;\"><h3 class=\"fusion-title-heading title-heading-left fusion-responsive-typography-calculated\" style=\"margin:0;--fontSize:20;--minFontSize:20;line-height:1.3;\">Kunststoffsortierung<\/h3><\/div><div class=\"fusion-text fusion-text-2\"><p>Iden\u00adti\u00adfi\u00adzie\u00adren Sie Kunst\u00adstoff\u00adar\u00adten (z. B. PE, PP, ABS, PET, PVC, PA6 &amp; PA6.6) direkt vor Ort mit dem <a href=\"https:\/\/solidscanner.com\/de\/nir-spektrometer\/trinamix\/\">trag\u00adba\u00adren tri\u00adna\u00admiX PAL One NIR-Spek\u00adtro\u00adme\u00adter<\/a>. Unter\u00adschei\u00adden Sie zwi\u00adschen g\u00e4n\u00adgi\u00adgen Ver\u00adpa\u00adckungs\u00adma\u00adte\u00adria\u00adli\u00aden, tech\u00adni\u00adschen Kunst\u00adstof\u00adfen und recy\u00adcling\u00adkri\u00adti\u00adschen Eigenschaften.&nbsp;<\/p>\n<ul>\n<li>Hand\u00adana\u00adly\u00adse f\u00fcr Recy\u00adcling\u00adli\u00adni\u00aden und manu\u00adel\u00adle Sortierung<\/li>\n<li>Funk\u00adtio\u00adniert mit fes\u00adten Tei\u00adlen, Foli\u00aden und Granulaten<\/li>\n<li>App: 10 Pla\u00ads\u00adtics, Pla\u00ads\u00adtics&nbsp;Max<\/li>\n<\/ul>\n<\/div><div class=\"fusion-separator fusion-full-width-sep\" style=\"align-self: center;margin-left: auto;margin-right: auto;margin-bottom:10px;width:100%;\"><\/div><div><a class=\"fusion-button button-flat fusion-button-default-size button-default fusion-button-default button-1 fusion-button-default-span fusion-button-default-type\" target=\"_self\" href=\"https:\/\/solidscanner.com\/de\/nir-spektrometer\/trinamix\/kunststoff-scanner\/\"><span class=\"fusion-button-text awb-button__text awb-button__text--default\">Kunst\u00adstoff\u00adan\u00adwen\u00addun\u00adgen erkunden<\/span><\/a><\/div><div class=\"fusion-separator fusion-full-width-sep\" style=\"align-self: center;margin-left: auto;margin-right: auto;margin-bottom:50px;width:100%;\"><\/div><div class=\"fusion-title title fusion-title-4 fusion-sep-none fusion-title-text fusion-title-size-three\" style=\"--awb-margin-top-small:10px;--awb-margin-right-small:0px;--awb-margin-bottom-small:10px;--awb-margin-left-small:0px;\"><h3 class=\"fusion-title-heading title-heading-left fusion-responsive-typography-calculated\" style=\"margin:0;--fontSize:20;--minFontSize:20;line-height:1.3;\">Recyclingf\u00e4higkeit \/ APR-Reflektivit\u00e4t<\/h3><\/div><div class=\"fusion-text fusion-text-3\"><p>\u00dcber\u00adpr\u00fc\u00adfen Sie, ob Ver\u00adpa\u00adckungs\u00adma\u00adte\u00adria\u00adli\u00aden die Bran\u00adchen\u00adstan\u00addards f\u00fcr Sor\u00adtier\u00adbar\u00adkeit basie\u00adrend auf Nahin\u00adfra\u00adrot-Reflek\u00adti\u00advi\u00adt\u00e4t erf\u00fcl\u00adlen. Unter\u00adst\u00fctzt \u00d6ko\u00adde\u00adsign- und Materialauswahlprozesse.&nbsp;<\/p>\n<ul>\n<li>Visua\u00adli\u00adsiert Reflek\u00adti\u00advi\u00adt\u00e4t in % pro&nbsp;Probe<\/li>\n<li>Unter\u00adst\u00fctzt die Ein\u00adhal\u00adtung des APR Design Guide<\/li>\n<li>App: 10 Pla\u00ads\u00adtics Reflectivity<\/li>\n<\/ul>\n<\/div><div class=\"fusion-separator fusion-full-width-sep\" style=\"align-self: center;margin-left: auto;margin-right: auto;margin-bottom:10px;width:100%;\"><\/div><div><a class=\"fusion-button button-flat fusion-button-default-size button-default fusion-button-default button-2 fusion-button-default-span fusion-button-default-type\" target=\"_self\" href=\"https:\/\/solidscanner.com\/de\/loesungen\/verpackung-ppwr-konform\/\"><span class=\"fusion-button-text awb-button__text awb-button__text--default\">Zur Reflek\u00adti\u00advi\u00adt\u00e4t springen<\/span><\/a><\/div><div class=\"fusion-separator fusion-full-width-sep\" style=\"align-self: center;margin-left: auto;margin-right: auto;margin-bottom:50px;width:100%;\"><\/div><div class=\"fusion-title title fusion-title-5 fusion-sep-none fusion-title-text fusion-title-size-three\" style=\"--awb-margin-top-small:10px;--awb-margin-right-small:0px;--awb-margin-bottom-small:10px;--awb-margin-left-small:0px;\"><h3 class=\"fusion-title-heading title-heading-left fusion-responsive-typography-calculated\" style=\"margin:0;--fontSize:20;--minFontSize:20;line-height:1.3;\">Erkennung von Multimaterial-Folien<\/h3><\/div><div class=\"fusion-text fusion-text-4\"><p>Bestim\u00admen Sie, ob fle\u00adxi\u00adble Ver\u00adpa\u00adckungs\u00adfo\u00adli\u00aden mono- oder mehr\u00adschich\u00adtig sind. Quan\u00adti\u00adfi\u00adzie\u00adren Sie den PA-Gehalt in Pro\u00adzent, um Ent\u00adschei\u00addun\u00adgen bez\u00fcg\u00adlich Sor\u00adtier\u00adbar\u00adkeit und Recy\u00adcling zu leiten.&nbsp;<\/p>\n<ul>\n<li>App: Mul\u00adti\u00adma\u00adte\u00adri\u00adal-Foli\u00aden<\/li>\n<li>Ide\u00adal f\u00fcr Ver\u00adpa\u00adckungs\u00adher\u00adstel\u00adler und Folienverarbeiter<\/li>\n<\/ul>\n<\/div><div class=\"fusion-separator fusion-full-width-sep\" style=\"align-self: center;margin-left: auto;margin-right: auto;margin-bottom:10px;width:100%;\"><\/div><div><a class=\"fusion-button button-flat fusion-button-default-size button-default fusion-button-default button-3 fusion-button-default-span fusion-button-default-type\" target=\"_self\" href=\"https:\/\/solidscanner.com\/de\/loesungen\/mehrschichtfolien-pruefung\/\"><span class=\"fusion-button-text awb-button__text awb-button__text--default\">Mehr erfah\u00adren<\/span><\/a><\/div><div class=\"fusion-separator fusion-full-width-sep\" style=\"align-self: center;margin-left: auto;margin-right: auto;margin-bottom:50px;width:100%;\"><\/div><div class=\"fusion-title title fusion-title-6 fusion-sep-none fusion-title-text fusion-title-size-three\" style=\"--awb-margin-top-small:10px;--awb-margin-right-small:0px;--awb-margin-bottom-small:10px;--awb-margin-left-small:0px;\"><h3 class=\"fusion-title-heading title-heading-left fusion-responsive-typography-calculated\" style=\"margin:0;--fontSize:20;--minFontSize:20;line-height:1.3;\">Identifikation von kompostierbaren Kunststoffen<\/h3><\/div><div class=\"fusion-text fusion-text-5\"><p>Falsch plat\u00adzier\u00adte kom\u00adpos\u00adtier\u00adba\u00adre Mate\u00adria\u00adli\u00aden k\u00f6n\u00adnen Kunst\u00adstoff\u00adre\u00adcy\u00adcling\u00adstr\u00f6\u00adme ver\u00adun\u00adrei\u00adni\u00adgen und kost\u00adspie\u00adli\u00adge R\u00fcck\u00adwei\u00adsun\u00adgen ver\u00adur\u00adsa\u00adchen. Mit dem PAL One k\u00f6n\u00adnen Sie kom\u00adpos\u00adtier\u00adba\u00adre Kunst\u00adstof\u00adfe wie PLA und bio\u00adba\u00adsier\u00adte Mischun\u00adgen direkt vor Ort iden\u00adti\u00adfi\u00adzie\u00adren \u2013 f\u00fcr eine sau\u00adbe\u00adre Sor\u00adtie\u00adrung und die Ein\u00adhal\u00adtung der EN 13432. Iden\u00adti\u00adfi\u00adzie\u00adren Sie bio\u00adba\u00adsier\u00adte und kom\u00adpos\u00adtier\u00adba\u00adre Kunst\u00adstof\u00adfe wie PLA, PBAT, St\u00e4rk\u00ademi\u00adschun\u00adgen und Cel\u00adlu\u00adlo\u00adse\u00adace\u00adtat. Hilf\u00adreich f\u00fcr Sor\u00adtie\u00adrung und Nachhaltigkeitsvalidierung.&nbsp;<\/p>\n<ul>\n<li>App: Kom\u00adpos\u00adtier\u00adba\u00adre Kunststoffe<\/li>\n<li>Unter\u00adst\u00fctzt die Tren\u00adnung von Bio\u00adkunst\u00adstof\u00adfen in Abfallstr\u00f6men<\/li>\n<\/ul>\n<\/div><div class=\"fusion-separator fusion-full-width-sep\" style=\"align-self: center;margin-left: auto;margin-right: auto;margin-bottom:10px;width:100%;\"><\/div><div><a class=\"fusion-button button-flat fusion-button-default-size button-default fusion-button-default button-4 fusion-button-default-span fusion-button-default-type\" target=\"_blank\" rel=\"noopener noreferrer\" href=\"https:\/\/solidscanner.com\/de\/loesungen\/kompostierbare-kunststoffe\/\"><span class=\"fusion-button-text awb-button__text awb-button__text--default\">Mehr erfah\u00adren<\/span><\/a><\/div><div class=\"fusion-separator fusion-full-width-sep\" style=\"align-self: center;margin-left: auto;margin-right: auto;margin-bottom:50px;width:100%;\"><\/div><div class=\"fusion-title title fusion-title-7 fusion-sep-none fusion-title-text fusion-title-size-three\" style=\"--awb-margin-top-small:10px;--awb-margin-right-small:0px;--awb-margin-bottom-small:10px;--awb-margin-left-small:0px;\"><h3 class=\"fusion-title-heading title-heading-left fusion-responsive-typography-calculated\" style=\"margin:0;--fontSize:20;--minFontSize:20;line-height:1.3;\">Textilsortierung &amp; -analyse<\/h3><\/div><div class=\"fusion-text fusion-text-6\"><p>Iden\u00adti\u00adfi\u00adzie\u00adren Sie g\u00e4n\u00adgi\u00adge Tex\u00adtil\u00adfa\u00adsern und -mischun\u00adgen (Baum\u00adwol\u00adle, Poly\u00ades\u00adter, Ela\u00ads\u00adt\u00adan, PA 6\/6.6, Wol\u00adle) schnell und ein\u00adfach. Ver\u00adf\u00fcg\u00adbar f\u00fcr Hand\u00adge\u00adr\u00e4\u00adte und halb\u00adau\u00adto\u00adma\u00adti\u00adsche Tischaufbauten.&nbsp;<\/p>\n<ul>\n<li>App: Tex\u00adtil\u00adsor\u00adtie\u00adrung, PA 6\/6.6, Woll\u00adsor\u00adtie\u00adrung, Tep\u00adpich, PU-Matratze<\/li>\n<li>Unter\u00adst\u00fctzt Recy\u00adcler und Wareneingangskontrolle<\/li>\n<\/ul>\n<\/div><div class=\"fusion-separator fusion-full-width-sep\" style=\"align-self: center;margin-left: auto;margin-right: auto;margin-bottom:10px;width:100%;\"><\/div><div><a class=\"fusion-button button-flat fusion-button-default-size button-default fusion-button-default button-5 fusion-button-default-span fusion-button-default-type\" target=\"_self\" href=\"https:\/\/solidscanner.com\/de\/loesungen\/nir-scanner-textilrecycling\/\"><span class=\"fusion-button-text awb-button__text awb-button__text--default\">Tex\u00adtil\u00adl\u00f6\u00adsun\u00adgen erkunden<\/span><\/a><\/div><div class=\"fusion-separator fusion-full-width-sep\" style=\"align-self: center;margin-left: auto;margin-right: auto;margin-bottom:50px;width:100%;\"><\/div><div class=\"fusion-title title fusion-title-8 fusion-sep-none fusion-title-text fusion-title-size-three\" style=\"--awb-margin-top-small:10px;--awb-margin-right-small:0px;--awb-margin-bottom-small:10px;--awb-margin-left-small:0px;\"><h3 class=\"fusion-title-heading title-heading-left fusion-responsive-typography-calculated\" style=\"margin:0;--fontSize:20;--minFontSize:20;line-height:1.3;\">Qualit\u00e4tskontrolle &amp; Korrelationsanalyse<\/h3><\/div><div class=\"fusion-text fusion-text-7\"><p>Erwei\u00adtern Sie Ihre Mate\u00adri\u00adal\u00adana\u00adly\u00adse \u00fcber die Sor\u00adtie\u00adrung hin\u00adaus mit fort\u00adschritt\u00adli\u00adchen Qua\u00adli\u00adt\u00e4ts\u00adsi\u00adche\u00adrungs\u00adtools. Das PAL One unter\u00adst\u00fctzt kor\u00adre\u00adla\u00adti\u00adons\u00adba\u00adsier\u00adte Fin\u00adger\u00adab\u00addr\u00fc\u00adcke, Sys\u00adtem\u00adin\u00adte\u00adgra\u00adti\u00adon \u00fcber API und zen\u00adtra\u00adli\u00adsier\u00adte Ergeb\u00adnis\u00adse \u00fcber das siche\u00adre tri\u00adna\u00admiX Kun\u00adden\u00adpor\u00adtal \u2013 was es zu einem leis\u00adtungs\u00adstar\u00adken Werk\u00adzeug f\u00fcr Labo\u00adre, Pro\u00adduk\u00adti\u00adons-QS und F macht. Ver\u00adglei\u00adchen Sie Pro\u00adduk\u00adti\u00adons\u00adma\u00adte\u00adria\u00adli\u00aden mit einer Refe\u00adrenz\u00adpro\u00adbe mit\u00adtels Spek\u00adtral\u00adkor\u00adre\u00adla\u00adti\u00adon (R \/ R\u00b2). Erken\u00adnen Sie Varia\u00adtio\u00adnen und best\u00e4\u00adti\u00adgen Sie die Kon\u00adsis\u00adtenz in Com\u00adpounds und Chargen.&nbsp;<\/p>\n<ul>\n<li>App: Kor\u00adre\u00adla\u00adti\u00adons\u00adan\u00adwen\u00addung<\/li>\n<li>Ide\u00adal f\u00fcr QS-Labo\u00adre und Wareneingangskontrolle<\/li>\n<\/ul>\n<\/div><div class=\"fusion-separator fusion-full-width-sep\" style=\"align-self: center;margin-left: auto;margin-right: auto;margin-bottom:10px;width:100%;\"><\/div><div><a class=\"fusion-button button-flat fusion-button-default-size button-default fusion-button-default button-6 fusion-button-default-span fusion-button-default-type\" target=\"_blank\" rel=\"noopener noreferrer\" href=\"https:\/\/solidscanner.com\/de\/loesungen\/qs-nir-integration\/\"><span class=\"fusion-button-text awb-button__text awb-button__text--default\">Mehr erfah\u00adren<\/span><\/a><\/div><div class=\"fusion-separator fusion-full-width-sep\" style=\"align-self: center;margin-left: auto;margin-right: auto;margin-bottom:50px;width:100%;\"><\/div><div class=\"fusion-title title fusion-title-9 fusion-sep-none fusion-title-text fusion-title-size-three\" style=\"--awb-margin-top-small:10px;--awb-margin-right-small:0px;--awb-margin-bottom-small:10px;--awb-margin-left-small:0px;\"><h3 class=\"fusion-title-heading title-heading-left fusion-responsive-typography-calculated\" style=\"margin:0;--fontSize:20;--minFontSize:20;line-height:1.3;\">PE\/PP-Verh\u00e4ltnisanalyse<\/h3><\/div><div class=\"fusion-text fusion-text-8\"><p>Quan\u00adti\u00adfi\u00adzie\u00adren Sie den Anteil von Poly\u00adethy\u00adlen und Poly\u00adpro\u00adpy\u00adlen in Misch\u00adma\u00adte\u00adria\u00adli\u00aden. Wert\u00advoll f\u00fcr Com\u00adpoun\u00addeu\u00adre, Recy\u00adcler und Materialentwickler.&nbsp;<\/p>\n<ul>\n<li>App: PE\/PP-Quan\u00adti\u00adfi\u00adzie\u00adrung<\/li>\n<\/ul>\n<\/div><div class=\"fusion-separator fusion-full-width-sep\" style=\"align-self: center;margin-left: auto;margin-right: auto;margin-bottom:10px;width:100%;\"><\/div><div><a class=\"fusion-button button-flat fusion-button-default-size button-default fusion-button-default button-7 fusion-button-default-span fusion-button-default-type\" target=\"_blank\" rel=\"noopener noreferrer\" href=\"https:\/\/solidscanner.com\/de\/nir-spektrometer\/trinamix\/kunststoff-scanner\/\"><span class=\"fusion-button-text awb-button__text awb-button__text--default\">Sie\u00adhe Abschnitt PE\/PP<\/span><\/a><\/div><div class=\"fusion-separator fusion-full-width-sep\" style=\"align-self: center;margin-left: auto;margin-right: auto;margin-bottom:50px;width:100%;\"><\/div><div class=\"fusion-title title fusion-title-10 fusion-sep-none fusion-title-text fusion-title-size-three\" style=\"--awb-margin-top-small:10px;--awb-margin-right-small:0px;--awb-margin-bottom-small:10px;--awb-margin-left-small:0px;\"><h3 class=\"fusion-title-heading title-heading-left fusion-responsive-typography-calculated\" style=\"margin:0;--fontSize:20;--minFontSize:20;line-height:1.3;\">PV-Modul-Inspektion<\/h3><\/div><div class=\"fusion-text fusion-text-9\"><p>Erken\u00adnen und dif\u00adfe\u00adren\u00adzie\u00adren Sie Ein\u00adkap\u00adse\u00adlungs- und R\u00fcck\u00adsei\u00adten\u00adma\u00adte\u00adria\u00adli\u00aden in Pho\u00adto\u00advol\u00adta\u00adik (PV)-Modulen mit dem tri\u00adna\u00admiX PAL One. Die\u00adse Anwen\u00addung unter\u00adst\u00fctzt F, Repa\u00adra\u00adtur- und Recy\u00adcling-Work\u00adflows durch die Iden\u00adti\u00adfi\u00adzie\u00adrung wich\u00adti\u00adger NIR-akti\u00adver Mate\u00adria\u00adli\u00aden wie EVA, POE und PET-basier\u00adte R\u00fcckseitenfolien.<\/p>\n<\/div><div class=\"fusion-separator fusion-full-width-sep\" style=\"align-self: center;margin-left: auto;margin-right: auto;margin-bottom:10px;width:100%;\"><\/div><div><a class=\"fusion-button button-flat fusion-button-default-size button-default fusion-button-default button-8 fusion-button-default-span fusion-button-default-type\" target=\"_blank\" rel=\"noopener noreferrer\" href=\"https:\/\/solidscanner.com\/de\/loesungen\/pv-modul-inspektion\/\"><span class=\"fusion-button-text awb-button__text awb-button__text--default\">Anwen\u00addung erkunden<\/span><\/a><\/div><div class=\"fusion-separator fusion-full-width-sep\" style=\"align-self: center;margin-left: auto;margin-right: auto;margin-bottom:50px;width:100%;\"><\/div><div class=\"fusion-title title fusion-title-11 fusion-sep-none fusion-title-text fusion-title-size-two\" style=\"--awb-margin-top-small:10px;--awb-margin-right-small:0px;--awb-margin-bottom-small:10px;--awb-margin-left-small:0px;\"><h2 class=\"fusion-title-heading title-heading-left fusion-responsive-typography-calculated\" style=\"margin:0;--fontSize:30;line-height:1.2;\">So funktioniert es<\/h2><\/div><div class=\"fusion-separator\" style=\"align-self: flex-start;margin-right:auto;margin-top:20px;margin-bottom:30px;width:100%;max-width:250px;\"><div class=\"fusion-separator-border sep-single sep-solid\" style=\"--awb-height:20px;--awb-amount:20px;--awb-sep-color:var(--awb-color7);border-color:var(--awb-color7);border-top-width:3px;\"><\/div><\/div><div class=\"fusion-text fusion-text-10\"><ol>\n<li>Scan\u00adnen Sie die Pro\u00adbe mit dem trag\u00adba\u00adren NIR-Ger\u00e4t<\/li>\n<li>Erhal\u00adten Sie die Mate\u00adri\u00adal-ID oder -Ana\u00adly\u00adse in der App inner\u00adhalb von Sekunden<\/li>\n<li>Expor\u00adtie\u00adren Sie Ergeb\u00adnis\u00adse \u00fcber ein siche\u00adres Cloud-Portal<\/li>\n<\/ol>\n<\/div><div class=\"fusion-separator fusion-full-width-sep\" style=\"align-self: center;margin-left: auto;margin-right: auto;margin-bottom:30px;width:100%;\"><\/div><div class=\"fusion-title title fusion-title-12 fusion-sep-none fusion-title-text fusion-title-size-two\" style=\"--awb-margin-top-small:10px;--awb-margin-right-small:0px;--awb-margin-bottom-small:10px;--awb-margin-left-small:0px;\"><h2 class=\"fusion-title-heading title-heading-left fusion-responsive-typography-calculated\" style=\"margin:0;--fontSize:30;line-height:1.2;\">Wer nutzt diese L\u00f6sungen?<\/h2><\/div><div class=\"fusion-separator\" style=\"align-self: flex-start;margin-right:auto;margin-top:20px;margin-bottom:30px;width:100%;max-width:250px;\"><div class=\"fusion-separator-border sep-single sep-solid\" style=\"--awb-height:20px;--awb-amount:20px;--awb-sep-color:var(--awb-color7);border-color:var(--awb-color7);border-top-width:3px;\"><\/div><\/div><div class=\"fusion-text fusion-text-11\"><ul>\n<li>Recy\u00adcling\u00adbe\u00adtrei\u00adber (Kunst\u00adstof\u00adfe und Textilien)<\/li>\n<li>Ver\u00adpa\u00adckungs- und Materialentwickler<\/li>\n<li>Qua\u00adli\u00adt\u00e4ts\u00adma\u00adna\u00adger in der Kunststoffproduktion<\/li>\n<li>Nach\u00adhal\u00adtig\u00adkeits- und Compliance-Teams<\/li>\n<\/ul>\n<\/div><div class=\"fusion-separator fusion-full-width-sep\" style=\"align-self: center;margin-left: auto;margin-right: auto;margin-bottom:30px;width:100%;\"><\/div><div class=\"fusion-title title fusion-title-13 fusion-sep-none fusion-title-text fusion-title-size-two\" style=\"--awb-margin-top-small:10px;--awb-margin-right-small:0px;--awb-margin-bottom-small:10px;--awb-margin-left-small:0px;\"><h2 class=\"fusion-title-heading title-heading-left fusion-responsive-typography-calculated\" style=\"margin:0;--fontSize:30;line-height:1.2;\">Suchen Sie die richtige Scannerl\u00f6sung?<\/h2><\/div><div class=\"fusion-separator\" style=\"align-self: flex-start;margin-right:auto;margin-top:20px;margin-bottom:50px;width:100%;max-width:250px;\"><div class=\"fusion-separator-border sep-single sep-solid\" style=\"--awb-height:20px;--awb-amount:20px;--awb-sep-color:var(--awb-color7);border-color:var(--awb-color7);border-top-width:3px;\"><\/div><\/div><div class=\"fusion-text fusion-text-12\"><p>Wir hel\u00adfen Ihnen, die bes\u00adte Scan\u00adner- und App-Kom\u00adbi\u00adna\u00adti\u00adon f\u00fcr Ihren Mate\u00adri\u00adal\u00adwork\u00adflow auszuw\u00e4hlen.<\/p>\n<\/div><div><a class=\"fusion-button button-flat fusion-button-default-size button-default fusion-button-default button-9 fusion-button-default-span fusion-button-default-type\" target=\"_self\" href=\"https:\/\/solidscanner.com\/de\/kontakt\/\"><span class=\"fusion-button-text awb-button__text awb-button__text--default\">Exper\u00adten\u00adbe\u00adra\u00adtung anfordern<\/span><\/a><\/div><div class=\"fusion-separator fusion-full-width-sep\" style=\"align-self: center;margin-left: auto;margin-right: auto;margin-bottom:80px;width:100%;\"><\/div><div class=\"fusion-title title fusion-title-14 fusion-sep-none fusion-title-text fusion-title-size-three\" style=\"--awb-margin-top-small:10px;--awb-margin-right-small:0px;--awb-margin-bottom-small:10px;--awb-margin-left-small:0px;\"><h3 class=\"fusion-title-heading title-heading-left fusion-responsive-typography-calculated\" style=\"margin:0;--fontSize:20;--minFontSize:20;line-height:1.3;\">Verwandte Artikel erkunden<\/h3><\/div><div class=\"fusion-text fusion-text-13\"><ul>\n<li><a href=\"https:\/\/solidscanner.com\/de\/kunststoffe\/reflektivitaet-sortierbarkeit-test\/\">Reflek\u00adti\u00advi\u00adt\u00e4ts-  Sortierbarkeits\u00fcberpr\u00fcfung<\/a><\/li>\n<li><a href=\"https:\/\/solidscanner.com\/de\/kunststoffe\/mehrschichtfolien-analyse\/\">\u00dcber\u00adpr\u00fc\u00adfung von Mehrschichtfolien<\/a><\/li>\n<li><a href=\"https:\/\/solidscanner.com\/de\/nylon-6-vs-66-echtzeiterkennung\/\">PA6\/PA6.6 mit trag\u00adba\u00adrem Scan\u00adner identifizieren<\/a><\/li>\n<li><a href=\"https:\/\/solidscanner.com\/de\/textilrecycler-modernisieren-ohne-grosses-budget\/\">Lesen Sie, wie klei\u00adne Tex\u00adtil\u00adre\u00adcy\u00adcler ohne gro\u00ad\u00dfe Inves\u00adti\u00adtio\u00adnen aufr\u00fcsten<\/a><\/li>\n<li><a href=\"https:\/\/solidscanner.com\/de\/nir-spektrometer\/\">Ent\u00adde\u00adcken Sie unse\u00adre NIR-Spektrometer<\/a><\/li>\n<\/ul>\n<\/div><\/div><\/div><\/div><\/div>\n","protected":false},"excerpt":{"rendered":"","protected":false},"author":20,"featured_media":0,"parent":0,"menu_order":0,"comment_status":"closed","ping_status":"closed","template":"100-width.php","meta":{"wp_typography_post_enhancements_disabled":false,"footnotes":""},"class_list":["post-17112","page","type-page","status-publish","hentry"],"_links":{"self":[{"href":"https:\/\/solidscanner.com\/de\/wp-json\/wp\/v2\/pages\/17112","targetHints":{"allow":["GET"]}}],"collection":[{"href":"https:\/\/solidscanner.com\/de\/wp-json\/wp\/v2\/pages"}],"about":[{"href":"https:\/\/solidscanner.com\/de\/wp-json\/wp\/v2\/types\/page"}],"author":[{"embeddable":true,"href":"https:\/\/solidscanner.com\/de\/wp-json\/wp\/v2\/users\/20"}],"replies":[{"embeddable":true,"href":"https:\/\/solidscanner.com\/de\/wp-json\/wp\/v2\/comments?post=17112"}],"version-history":[{"count":16,"href":"https:\/\/solidscanner.com\/de\/wp-json\/wp\/v2\/pages\/17112\/revisions"}],"predecessor-version":[{"id":17973,"href":"https:\/\/solidscanner.com\/de\/wp-json\/wp\/v2\/pages\/17112\/revisions\/17973"}],"wp:attachment":[{"href":"https:\/\/solidscanner.com\/de\/wp-json\/wp\/v2\/media?parent=17112"}],"curies":[{"name":"wp","href":"https:\/\/api.w.org\/{rel}","templated":true}]}}