{"id":17797,"date":"2025-06-21T14:23:30","date_gmt":"2025-06-21T12:23:30","guid":{"rendered":"https:\/\/solidscanner.com\/loesungen\/pv-module-inspection\/"},"modified":"2025-08-14T15:03:12","modified_gmt":"2025-08-14T13:03:12","slug":"pv-modul-inspektion","status":"publish","type":"page","link":"https:\/\/solidscanner.com\/de\/loesungen\/pv-modul-inspektion\/","title":{"rendered":"Vor-Ort-Inspektion von PV-Modulen | trinamiX NIR-Mietl\u00f6sung"},"content":{"rendered":"<p><\/p><div class=\"fusion-fullwidth fullwidth-box fusion-builder-row-1 fusion-flex-container has-pattern-background has-mask-background nonhundred-percent-fullwidth non-hundred-percent-height-scrolling\" style=\"--awb-border-radius-top-left:0px;--awb-border-radius-top-right:0px;--awb-border-radius-bottom-right:0px;--awb-border-radius-bottom-left:0px;--awb-flex-wrap:wrap;\"><div class=\"fusion-builder-row fusion-row fusion-flex-align-items-flex-start fusion-flex-content-wrap\" style=\"max-width:1248px;margin-left: calc(-4% \/ 2 );margin-right: calc(-4% \/ 2 );\"><div class=\"fusion-layout-column fusion_builder_column fusion-builder-column-0 fusion_builder_column_1_1 1_1 fusion-flex-column\" style=\"--awb-bg-size:cover;--awb-width-large:100%;--awb-margin-top-large:0px;--awb-spacing-right-large:1.92%;--awb-margin-bottom-large:20px;--awb-spacing-left-large:1.92%;--awb-width-medium:100%;--awb-order-medium:0;--awb-spacing-right-medium:1.92%;--awb-spacing-left-medium:1.92%;--awb-width-small:100%;--awb-order-small:0;--awb-spacing-right-small:1.92%;--awb-spacing-left-small:1.92%;\"><div class=\"fusion-column-wrapper fusion-column-has-shadow fusion-flex-justify-content-flex-start fusion-content-layout-column\"><div class=\"fusion-title title fusion-title-1 fusion-sep-none fusion-title-text fusion-title-size-one\" style=\"--awb-margin-top-small:10px;--awb-margin-right-small:0px;--awb-margin-bottom-small:10px;--awb-margin-left-small:0px;\"><h1 class=\"fusion-title-heading title-heading-left fusion-responsive-typography-calculated\" style=\"margin:0;--fontSize:54;line-height:1.16;\"><span class=\"verlauf\">Vor-Ort-Inspektion von PV-Modulen<\/span>\n<p>mit tri\u00adna\u00admiX Mobi\u00adle&nbsp;NIR<\/p><\/h1><\/div><\/div><\/div><\/div><\/div><div class=\"fusion-fullwidth fullwidth-box fusion-builder-row-2 fusion-flex-container has-pattern-background has-mask-background nonhundred-percent-fullwidth non-hundred-percent-height-scrolling\" style=\"--awb-border-radius-top-left:0px;--awb-border-radius-top-right:0px;--awb-border-radius-bottom-right:0px;--awb-border-radius-bottom-left:0px;--awb-margin-bottom:80px;--awb-flex-wrap:wrap;\"><div class=\"fusion-builder-row fusion-row fusion-flex-align-items-flex-start fusion-flex-content-wrap\" style=\"max-width:1248px;margin-left: calc(-4% \/ 2 );margin-right: calc(-4% \/ 2 );\"><div class=\"fusion-layout-column fusion_builder_column fusion-builder-column-1 fusion_builder_column_1_1 1_1 fusion-flex-column\" style=\"--awb-bg-size:cover;--awb-width-large:100%;--awb-margin-top-large:0px;--awb-spacing-right-large:1.92%;--awb-margin-bottom-large:20px;--awb-spacing-left-large:1.92%;--awb-width-medium:100%;--awb-order-medium:0;--awb-spacing-right-medium:1.92%;--awb-spacing-left-medium:1.92%;--awb-width-small:100%;--awb-order-small:0;--awb-spacing-right-small:1.92%;--awb-spacing-left-small:1.92%;\"><div class=\"fusion-column-wrapper fusion-column-has-shadow fusion-flex-justify-content-flex-start fusion-content-layout-column\"><div class=\"fusion-text fusion-text-1\"><p>Gewin\u00adnen Sie sofor\u00adti\u00adge Ein\u00adbli\u00adcke in die Zusam\u00admen\u00adset\u00adzung von R\u00fcck\u00adsei\u00adten\u00adfo\u00adli\u00aden und Ein\u00adkap\u00adse\u00adlungs\u00adma\u00adte\u00adria\u00adli\u00aden pho\u00adto\u00advol\u00adta\u00adischer Modu\u00adle mit der tri\u00adna\u00admiX Hand\u00adheld-NIR-Spek\u00adtro\u00adsko\u00adpie-L\u00f6sung \u2013 jetzt als Miet\u00adl\u00f6\u00adsung f\u00fcr pro\u00adjekt\u00adba\u00adsier\u00adte Anwen\u00addun\u00adgen verf\u00fcgbar.<\/p>\n<\/div><\/div><\/div><div class=\"fusion-layout-column fusion_builder_column fusion-builder-column-2 fusion_builder_column_1_1 1_1 fusion-flex-column\" style=\"--awb-bg-size:cover;--awb-width-large:100%;--awb-margin-top-large:0px;--awb-spacing-right-large:1.92%;--awb-margin-bottom-large:20px;--awb-spacing-left-large:1.92%;--awb-width-medium:100%;--awb-order-medium:0;--awb-spacing-right-medium:1.92%;--awb-spacing-left-medium:1.92%;--awb-width-small:100%;--awb-order-small:0;--awb-spacing-right-small:1.92%;--awb-spacing-left-small:1.92%;\"><div class=\"fusion-column-wrapper fusion-column-has-shadow fusion-flex-justify-content-flex-start fusion-content-layout-column\"><div class=\"fusion-title title fusion-title-2 fusion-sep-none fusion-title-text fusion-title-size-two\" style=\"--awb-margin-top-small:10px;--awb-margin-right-small:0px;--awb-margin-bottom-small:10px;--awb-margin-left-small:0px;\"><h2 class=\"fusion-title-heading title-heading-left fusion-responsive-typography-calculated\" style=\"margin:0;--fontSize:30;line-height:1.2;\">Warum PV-R\u00fcckseitenfolien inspizieren?<\/h2><\/div><div class=\"fusion-separator\" style=\"align-self: flex-start;margin-right:auto;margin-top:20px;margin-bottom:50px;width:100%;max-width:250px;\"><div class=\"fusion-separator-border sep-single sep-solid\" style=\"--awb-height:20px;--awb-amount:20px;--awb-sep-color:var(--awb-color7);border-color:var(--awb-color7);border-top-width:3px;\"><\/div><\/div><div class=\"fusion-text fusion-text-2\"><p>R\u00fcck\u00adsei\u00adten\u00adfo\u00adli\u00aden und Ein\u00adkap\u00adse\u00adlungs\u00adma\u00adte\u00adria\u00adli\u00aden spie\u00adlen eine ent\u00adschei\u00adden\u00adde Rol\u00adle f\u00fcr die lang\u00adfris\u00adti\u00adge Leis\u00adtung, Sicher\u00adheit und Recy\u00adcling\u00adf\u00e4\u00adhig\u00adkeit von PV-Modu\u00adlen. Mate\u00adri\u00adalin\u00adkon\u00adsis\u00adten\u00adzen k\u00f6n\u00adnen zu Degra\u00adda\u00adti\u00adon, Fehl\u00adfunk\u00adtio\u00adnen oder sogar Aus\u00adf\u00e4l\u00adlen f\u00fch\u00adren. Bis\u00adher war eine zuver\u00adl\u00e4s\u00adsi\u00adge Mate\u00adri\u00adal\u00adi\u00adden\u00adti\u00adfi\u00adka\u00adti\u00adon vor Ort nahe\u00adzu unm\u00f6g\u00adlich \u2013 bis&nbsp;jetzt.&nbsp;<\/p>\n<\/div><div class=\"fusion-separator fusion-full-width-sep\" style=\"align-self: center;margin-left: auto;margin-right: auto;margin-bottom:20px;width:100%;\"><\/div><div class=\"fusion-title title fusion-title-3 fusion-sep-none fusion-title-text fusion-title-size-two\" style=\"--awb-margin-top-small:10px;--awb-margin-right-small:0px;--awb-margin-bottom-small:10px;--awb-margin-left-small:0px;\"><h2 class=\"fusion-title-heading title-heading-left fusion-responsive-typography-calculated\" style=\"margin:0;--fontSize:30;line-height:1.2;\">Anwendungsf\u00e4lle \u00fcber den PV-Lebenszyklus hinweg<\/h2><\/div><div class=\"fusion-separator\" style=\"align-self: flex-start;margin-right:auto;margin-top:20px;margin-bottom:50px;width:100%;max-width:250px;\"><div class=\"fusion-separator-border sep-single sep-solid\" style=\"--awb-height:20px;--awb-amount:20px;--awb-sep-color:var(--awb-color7);border-color:var(--awb-color7);border-top-width:3px;\"><\/div><\/div><\/div><\/div><\/div><\/div><div class=\"fusion-fullwidth fullwidth-box fusion-builder-row-3 fusion-flex-container has-pattern-background has-mask-background nonhundred-percent-fullwidth non-hundred-percent-height-scrolling\" style=\"--awb-border-radius-top-left:0px;--awb-border-radius-top-right:0px;--awb-border-radius-bottom-right:0px;--awb-border-radius-bottom-left:0px;--awb-margin-top:-120px;--awb-flex-wrap:wrap;\"><div class=\"fusion-builder-row fusion-row fusion-flex-align-items-flex-start fusion-flex-content-wrap\" style=\"max-width:1248px;margin-left: calc(-4% \/ 2 );margin-right: calc(-4% \/ 2 );\"><div class=\"fusion-layout-column fusion_builder_column fusion-builder-column-3 fusion_builder_column_1_2 1_2 fusion-flex-column\" style=\"--awb-bg-size:cover;--awb-width-large:50%;--awb-margin-top-large:0px;--awb-spacing-right-large:3.84%;--awb-margin-bottom-large:20px;--awb-spacing-left-large:3.84%;--awb-width-medium:100%;--awb-order-medium:0;--awb-spacing-right-medium:1.92%;--awb-spacing-left-medium:1.92%;--awb-width-small:100%;--awb-order-small:0;--awb-spacing-right-small:1.92%;--awb-spacing-left-small:1.92%;\"><div class=\"fusion-column-wrapper fusion-column-has-shadow fusion-flex-justify-content-flex-start fusion-content-layout-column\"><div class=\"fusion-text fusion-text-3\"><ul>\n<li><strong>Waren\u00adein\u00adgangs\u00adkon\u00adtrol\u00adlen:<\/strong> Veri\u00adfi\u00adzie\u00adren Sie die Spe\u00adzi\u00adfi\u00adka\u00adtio\u00adnen der R\u00fcck\u00adsei\u00adten\u00adfo\u00adli\u00aden bei der Modullieferung.<\/li>\n<li><strong>Feld\u00addia\u00adgno\u00adse:<\/strong> Iden\u00adti\u00adfi\u00adzie\u00adren Sie unbe\u00adkann\u00adte oder degra\u00addie\u00adren\u00adde Mate\u00adria\u00adli\u00aden in altern\u00adden Anlagen.<\/li>\n<li><strong>Recy\u00adcling:<\/strong> Detek\u00adtie\u00adren Sie fluo\u00adrier\u00adte Poly\u00adme\u00adre und erm\u00f6g\u00adli\u00adchen Sie die kor\u00adrek\u00adte Ver\u00adar\u00adbei\u00adtung von PV-Abf\u00e4llen.<\/li>\n<\/ul>\n<\/div><div class=\"fusion-separator fusion-full-width-sep\" style=\"align-self: center;margin-left: auto;margin-right: auto;margin-bottom:20px;width:100%;\"><\/div><div class=\"fusion-title title fusion-title-4 fusion-sep-none fusion-title-text fusion-title-size-two\" style=\"--awb-margin-top-small:10px;--awb-margin-right-small:0px;--awb-margin-bottom-small:10px;--awb-margin-left-small:0px;\"><h2 class=\"fusion-title-heading title-heading-left fusion-responsive-typography-calculated\" style=\"margin:0;--fontSize:30;line-height:1.2;\">Funktionsweise<\/h2><\/div><div class=\"fusion-separator\" style=\"align-self: flex-start;margin-right:auto;margin-top:20px;margin-bottom:50px;width:100%;max-width:250px;\"><div class=\"fusion-separator-border sep-single sep-solid\" style=\"--awb-height:20px;--awb-amount:20px;--awb-sep-color:var(--awb-color7);border-color:var(--awb-color7);border-top-width:3px;\"><\/div><\/div><div class=\"fusion-text fusion-text-4\"><p>Die L\u00f6sung von tri\u00adna\u00admiX kom\u00adbi\u00adniert ein trag\u00adba\u00adres NIR-Spek\u00adtro\u00adme\u00adter, eine Smart\u00adphone-App und eine siche\u00adre Cloud-Platt\u00adform. Rich\u00adten Sie das Ger\u00e4t aus, dr\u00fc\u00adcken Sie den Knopf und erhal\u00adten Sie inner\u00adhalb von Sekun\u00adden eine detail\u00adlier\u00adte Mate\u00adri\u00adal\u00adi\u00adden\u00adti\u00adfi\u00adka\u00adti\u00adon \u2013 ohne Pro\u00adben\u00advor\u00adbe\u00adrei\u00adtung, ohne&nbsp;Labor.&nbsp;<\/p>\n<\/div><div class=\"fusion-separator fusion-full-width-sep\" style=\"align-self: center;margin-left: auto;margin-right: auto;margin-bottom:20px;width:100%;\"><\/div><\/div><\/div><div class=\"fusion-layout-column fusion_builder_column fusion-builder-column-4 fusion_builder_column_1_2 1_2 fusion-flex-column\" style=\"--awb-padding-top:20px;--awb-padding-right:20px;--awb-padding-bottom:20px;--awb-padding-left:20px;--awb-overflow:hidden;--awb-bg-color:var(--awb-color3);--awb-bg-color-hover:var(--awb-color3);--awb-bg-size:cover;--awb-border-radius:20px 20px 20px 20px;--awb-width-large:50%;--awb-margin-top-large:0px;--awb-spacing-right-large:3.84%;--awb-margin-bottom-large:20px;--awb-spacing-left-large:3.84%;--awb-width-medium:100%;--awb-order-medium:0;--awb-spacing-right-medium:1.92%;--awb-spacing-left-medium:1.92%;--awb-width-small:100%;--awb-order-small:0;--awb-spacing-right-small:1.92%;--awb-spacing-left-small:1.92%;\" data-scroll-devices=\"small-visibility,medium-visibility,large-visibility\"><div class=\"fusion-column-wrapper fusion-column-has-shadow fusion-flex-justify-content-flex-start fusion-content-layout-column\"><div class=\"fusion-image-element \" style=\"text-align:center;--awb-caption-title-font-family:var(--h2_typography-font-family);--awb-caption-title-font-weight:var(--h2_typography-font-weight);--awb-caption-title-font-style:var(--h2_typography-font-style);--awb-caption-title-size:var(--h2_typography-font-size);--awb-caption-title-transform:var(--h2_typography-text-transform);--awb-caption-title-line-height:var(--h2_typography-line-height);--awb-caption-title-letter-spacing:var(--h2_typography-letter-spacing);\"><span class=\" fusion-imageframe imageframe-none imageframe-1 hover-type-none\"><a href=\"https:\/\/solidscanner.com\/wp-content\/uploads\/2023\/09\/trinamiX_Mobile_NIR_Spectroscopy_Solution_2.png\" class=\"fusion-lightbox\" data-rel=\"iLightbox[a25c4f7843e4d0dbeb4]\" data-title=\"trinamiX PAL One mobiles NIR-Spektrometer bei der Messung\" title=\"trinamiX PAL One mobiles NIR-Spektrometer bei der Messung\"><img decoding=\"async\" width=\"1500\" height=\"1000\" alt=\"trinamiX PAL One mobiles NIR-Spektrometer bei der Messung\" src=\"https:\/\/solidscanner.com\/wp-content\/uploads\/2023\/09\/trinamiX_Mobile_NIR_Spectroscopy_Solution_2.png\" class=\"img-responsive wp-image-14076\" srcset=\"https:\/\/solidscanner.com\/wp-content\/uploads\/2023\/09\/trinamiX_Mobile_NIR_Spectroscopy_Solution_2-200x133.png 200w, https:\/\/solidscanner.com\/wp-content\/uploads\/2023\/09\/trinamiX_Mobile_NIR_Spectroscopy_Solution_2-400x267.png 400w, https:\/\/solidscanner.com\/wp-content\/uploads\/2023\/09\/trinamiX_Mobile_NIR_Spectroscopy_Solution_2-600x400.png 600w, https:\/\/solidscanner.com\/wp-content\/uploads\/2023\/09\/trinamiX_Mobile_NIR_Spectroscopy_Solution_2-800x533.png 800w, https:\/\/solidscanner.com\/wp-content\/uploads\/2023\/09\/trinamiX_Mobile_NIR_Spectroscopy_Solution_2-1200x800.png 1200w, https:\/\/solidscanner.com\/wp-content\/uploads\/2023\/09\/trinamiX_Mobile_NIR_Spectroscopy_Solution_2.png 1500w\" sizes=\"(max-width: 1024px) 100vw, (max-width: 640px) 100vw, 600px\" title><\/a><\/span><\/div><\/div><\/div><\/div><\/div><div class=\"fusion-fullwidth fullwidth-box fusion-builder-row-4 fusion-flex-container has-pattern-background has-mask-background nonhundred-percent-fullwidth non-hundred-percent-height-scrolling\" style=\"--awb-border-radius-top-left:0px;--awb-border-radius-top-right:0px;--awb-border-radius-bottom-right:0px;--awb-border-radius-bottom-left:0px;--awb-flex-wrap:wrap;\"><div class=\"fusion-builder-row fusion-row fusion-flex-align-items-flex-start fusion-flex-content-wrap\" style=\"max-width:1248px;margin-left: calc(-4% \/ 2 );margin-right: calc(-4% \/ 2 );\"><div class=\"fusion-layout-column fusion_builder_column fusion-builder-column-5 fusion_builder_column_1_1 1_1 fusion-flex-column\" style=\"--awb-bg-size:cover;--awb-width-large:100%;--awb-margin-top-large:0px;--awb-spacing-right-large:1.92%;--awb-margin-bottom-large:20px;--awb-spacing-left-large:1.92%;--awb-width-medium:100%;--awb-order-medium:0;--awb-spacing-right-medium:1.92%;--awb-spacing-left-medium:1.92%;--awb-width-small:100%;--awb-order-small:0;--awb-spacing-right-small:1.92%;--awb-spacing-left-small:1.92%;\"><div class=\"fusion-column-wrapper fusion-column-has-shadow fusion-flex-justify-content-flex-start fusion-content-layout-column\"><div class=\"fusion-section-separator section-separator waves fusion-section-separator-1\" style=\"--awb-spacer-padding-top:inherit;--awb-svg-margin-left:1.92%;--awb-svg-margin-right:1.92%;--awb-svg-margin-left-medium:1.92%;--awb-svg-margin-right-medium:1.92%;--awb-svg-margin-left-small:1.92%;--awb-svg-margin-right-small:1.92%;--awb-divider-height:50px;--awb-spacer-height:50px;--awb-sep-font-size:0;--awb-sep-line-height:0;--awb-margin-bottom:-20px;\"><div class=\"fusion-section-separator-svg\"><svg class=\"fusion-waves-candy\" version=\"1.1\" width=\"100%\" viewBox=\"0 54 1024 162\" preserveAspectRatio=\"none\" fill=\"rgba(242,243,245,1)\"><path class=\"st3\" d=\"M0 216.312h1024v-3.044c-50.8-17.1-108.7-30.7-172.7-37.9-178.6-19.8-220 36.8-404.9 21.3-206.6-17.2-228-126.5-434.5-141.6-3.9-.3-7.9-.5-11.9-.7v161.944z\" \/><\/svg><\/div><div class=\"fusion-section-separator-spacer\"><div class=\"fusion-section-separator-spacer-height\"><\/div><\/div><\/div><\/div><\/div><\/div><\/div><div class=\"fusion-fullwidth fullwidth-box fusion-builder-row-5 fusion-flex-container has-pattern-background has-mask-background nonhundred-percent-fullwidth non-hundred-percent-height-scrolling\" style=\"--awb-border-radius-top-left:0px;--awb-border-radius-top-right:0px;--awb-border-radius-bottom-right:0px;--awb-border-radius-bottom-left:0px;--awb-padding-top:50px;--awb-padding-bottom:50px;--awb-background-color:var(--awb-color3);--awb-flex-wrap:wrap;\"><div class=\"fusion-builder-row fusion-row fusion-flex-align-items-flex-start fusion-flex-content-wrap\" style=\"max-width:1248px;margin-left: calc(-4% \/ 2 );margin-right: calc(-4% \/ 2 );\"><div class=\"fusion-layout-column fusion_builder_column fusion-builder-column-6 fusion_builder_column_1_1 1_1 fusion-flex-column\" style=\"--awb-bg-size:cover;--awb-width-large:100%;--awb-margin-top-large:0px;--awb-spacing-right-large:1.92%;--awb-margin-bottom-large:20px;--awb-spacing-left-large:1.92%;--awb-width-medium:100%;--awb-order-medium:0;--awb-spacing-right-medium:1.92%;--awb-spacing-left-medium:1.92%;--awb-width-small:100%;--awb-order-small:0;--awb-spacing-right-small:1.92%;--awb-spacing-left-small:1.92%;\"><div class=\"fusion-column-wrapper fusion-column-has-shadow fusion-flex-justify-content-flex-start fusion-content-layout-column\"><div class=\"fusion-title title fusion-title-5 fusion-sep-none fusion-title-text fusion-title-size-two\" style=\"--awb-margin-top-small:10px;--awb-margin-right-small:0px;--awb-margin-bottom-small:10px;--awb-margin-left-small:0px;\"><h2 class=\"fusion-title-heading title-heading-left fusion-responsive-typography-calculated\" style=\"margin:0;--fontSize:30;line-height:1.2;\">Hauptvorteile<\/h2><\/div><div class=\"fusion-separator\" style=\"align-self: flex-start;margin-right:auto;margin-top:20px;margin-bottom:50px;width:100%;max-width:250px;\"><div class=\"fusion-separator-border sep-single sep-solid\" style=\"--awb-height:20px;--awb-amount:20px;--awb-sep-color:var(--awb-color7);border-color:var(--awb-color7);border-top-width:3px;\"><\/div><\/div><div class=\"fusion-text fusion-text-5\"><ul>\n<li>Iden\u00adti\u00adfi\u00adzie\u00adren Sie Ein\u00adkap\u00adse\u00adlungs\u00adma\u00adte\u00adria\u00adli\u00aden und R\u00fcck\u00adsei\u00adten\u00adfo\u00adli\u00aden vor&nbsp;Ort<\/li>\n<li>Erm\u00f6g\u00adli\u00adchen Sie daten\u00adge\u00adst\u00fctz\u00adte Ent\u00adschei\u00addun\u00adgen in Beschaf\u00adfung, War\u00adtung und Recycling<\/li>\n<li>Zer\u00adst\u00f6\u00adrungs\u00adfrei, schnell und portabel<\/li>\n<li>Siche\u00adre, cloud\u00adba\u00adsier\u00adte Ergebnisverwaltung<\/li>\n<\/ul>\n<\/div><div class=\"fusion-separator fusion-full-width-sep\" style=\"align-self: center;margin-left: auto;margin-right: auto;margin-top:20px;width:100%;\"><\/div><div class=\"fusion-title title fusion-title-6 fusion-sep-none fusion-title-text fusion-title-size-two\" style=\"--awb-margin-top-small:10px;--awb-margin-right-small:0px;--awb-margin-bottom-small:10px;--awb-margin-left-small:0px;\"><h2 class=\"fusion-title-heading title-heading-left fusion-responsive-typography-calculated\" style=\"margin:0;--fontSize:30;line-height:1.2;\">Interessieren Sie sich f\u00fcr die Miete dieser L\u00f6sung f\u00fcr Ihr n\u00e4chstes PV-Projekt?<\/h2><\/div><div class=\"fusion-separator\" style=\"align-self: flex-start;margin-right:auto;margin-top:20px;margin-bottom:50px;width:100%;max-width:250px;\"><div class=\"fusion-separator-border sep-single sep-solid\" style=\"--awb-height:20px;--awb-amount:20px;--awb-sep-color:var(--awb-color7);border-color:var(--awb-color7);border-top-width:3px;\"><\/div><\/div><div class=\"fusion-text fusion-text-6\"><p>Wir unter\u00adst\u00fct\u00adzen Inge\u00adnieur\u00adb\u00fc\u00adros, Pr\u00fcf\u00adla\u00adbo\u00adre, Solar\u00adpark\u00adbe\u00adtrei\u00adber und Recy\u00adcling\u00adun\u00adter\u00adneh\u00admen mit einem ein\u00adsatz\u00adbe\u00adrei\u00adten NIR-Kit f\u00fcr tem\u00adpo\u00adr\u00e4\u00adre Eins\u00e4tze.<\/p>\n<p><a href=\"https:\/\/solidscanner.com\/de\/kontakt\/\">For\u00addern Sie Ihr indi\u00advi\u00addu\u00adel\u00adles Miet\u00adan\u00adge\u00adbot&nbsp;an<\/a><\/p><\/div>\n<p>Der\u00adzeit inner\u00adhalb der EU ver\u00adf\u00fcg\u00adbar. Sprach\u00adun\u00adter\u00adst\u00fct\u00adzung: Eng\u00adlisch und Deutsch. Fle\u00adxi\u00adble Miet\u00addau\u00adern verf\u00fcgbar.&nbsp;<\/p>\n<\/div><\/div><\/div><\/div><div class=\"fusion-fullwidth fullwidth-box fusion-builder-row-6 fusion-flex-container has-pattern-background has-mask-background nonhundred-percent-fullwidth non-hundred-percent-height-scrolling\" style=\"--awb-border-radius-top-left:0px;--awb-border-radius-top-right:0px;--awb-border-radius-bottom-right:0px;--awb-border-radius-bottom-left:0px;--awb-flex-wrap:wrap;\"><div class=\"fusion-builder-row fusion-row fusion-flex-align-items-flex-start fusion-flex-content-wrap\" style=\"max-width:1248px;margin-left: calc(-4% \/ 2 );margin-right: calc(-4% \/ 2 );\"><div class=\"fusion-layout-column fusion_builder_column fusion-builder-column-7 fusion_builder_column_1_1 1_1 fusion-flex-column\" style=\"--awb-bg-size:cover;--awb-width-large:100%;--awb-margin-top-large:0px;--awb-spacing-right-large:1.92%;--awb-margin-bottom-large:20px;--awb-spacing-left-large:1.92%;--awb-width-medium:100%;--awb-order-medium:0;--awb-spacing-right-medium:1.92%;--awb-spacing-left-medium:1.92%;--awb-width-small:100%;--awb-order-small:0;--awb-spacing-right-small:1.92%;--awb-spacing-left-small:1.92%;\"><div class=\"fusion-column-wrapper fusion-column-has-shadow fusion-flex-justify-content-flex-start fusion-content-layout-column\"><div class=\"fusion-section-separator section-separator waves fusion-section-separator-2\" style=\"--awb-spacer-padding-top:inherit;--awb-svg-margin-left:1.92%;--awb-svg-margin-right:1.92%;--awb-svg-margin-left-medium:1.92%;--awb-svg-margin-right-medium:1.92%;--awb-svg-margin-left-small:1.92%;--awb-svg-margin-right-small:1.92%;--awb-divider-height:50px;--awb-spacer-height:50px;--awb-sep-font-size:0;--awb-sep-line-height:0;\"><div class=\"fusion-section-separator-svg\"><svg class=\"fusion-waves-candy\" version=\"1.1\" width=\"100%\" viewBox=\"0 1 1024 162\" preserveAspectRatio=\"none\" fill=\"rgba(242,243,245,1)\"><path class=\"st3\" d=\"M1024.1.156H.1V3.2c50.8 17.1 108.7 30.7 172.7 37.9 178.6 19.8 220-36.8 404.9-21.3 206.6 17.2 228 126.5 434.5 141.6 3.9.3 7.9.5 11.9.7V.156z\" \/><\/svg><\/div><div class=\"fusion-section-separator-spacer\"><div class=\"fusion-section-separator-spacer-height\"><\/div><\/div><\/div><\/div><\/div><\/div><\/div>\n","protected":false},"excerpt":{"rendered":"","protected":false},"author":20,"featured_media":0,"parent":17112,"menu_order":0,"comment_status":"closed","ping_status":"closed","template":"100-width.php","meta":{"wp_typography_post_enhancements_disabled":false,"footnotes":""},"class_list":["post-17797","page","type-page","status-publish","hentry"],"_links":{"self":[{"href":"https:\/\/solidscanner.com\/de\/wp-json\/wp\/v2\/pages\/17797","targetHints":{"allow":["GET"]}}],"collection":[{"href":"https:\/\/solidscanner.com\/de\/wp-json\/wp\/v2\/pages"}],"about":[{"href":"https:\/\/solidscanner.com\/de\/wp-json\/wp\/v2\/types\/page"}],"author":[{"embeddable":true,"href":"https:\/\/solidscanner.com\/de\/wp-json\/wp\/v2\/users\/20"}],"replies":[{"embeddable":true,"href":"https:\/\/solidscanner.com\/de\/wp-json\/wp\/v2\/comments?post=17797"}],"version-history":[{"count":9,"href":"https:\/\/solidscanner.com\/de\/wp-json\/wp\/v2\/pages\/17797\/revisions"}],"predecessor-version":[{"id":18289,"href":"https:\/\/solidscanner.com\/de\/wp-json\/wp\/v2\/pages\/17797\/revisions\/18289"}],"up":[{"embeddable":true,"href":"https:\/\/solidscanner.com\/de\/wp-json\/wp\/v2\/pages\/17112"}],"wp:attachment":[{"href":"https:\/\/solidscanner.com\/de\/wp-json\/wp\/v2\/media?parent=17797"}],"curies":[{"name":"wp","href":"https:\/\/api.w.org\/{rel}","templated":true}]}}