{"id":3,"date":"2019-09-09T15:03:30","date_gmt":"2019-09-09T13:03:30","guid":{"rendered":"https:\/\/info@test.contunda.com\/?page_id=3"},"modified":"2023-08-28T10:36:34","modified_gmt":"2023-08-28T08:36:34","slug":"datenschutzerklaerung","status":"publish","type":"page","link":"https:\/\/solidscanner.com\/de\/datenschutzerklaerung\/","title":{"rendered":"Datenschutzerkl\u00e4rung"},"content":{"rendered":"<h1>Datenschutzerkl\u00e4rung f\u00fcr solidscanner.com<\/h1>\n<p><strong>Haf\u00adtung f\u00fcr Inhalte<\/strong><\/p>\n<p>Als Diens\u00adte\u00adan\u00adbie\u00adter sind wir gem\u00e4\u00df \u00a7 7 Abs.1 TMG f\u00fcr eige\u00adne Inhal\u00adte auf die\u00adsen Sei\u00adten nach den all\u00adge\u00admei\u00adnen Geset\u00adzen ver\u00adant\u00adwort\u00adlich. Nach \u00a7\u00a7 8 bis 10 TMG sind wir als Diens\u00adte\u00adan\u00adbie\u00adter jedoch nicht ver\u00adpflich\u00adtet, \u00fcber\u00admit\u00adtel\u00adte oder gespei\u00adcher\u00adte frem\u00adde Infor\u00adma\u00adtio\u00adnen zu \u00fcber\u00adwa\u00adchen oder nach Umst\u00e4n\u00adden zu for\u00adschen, die auf eine rechts\u00adwid\u00adri\u00adge T\u00e4tig\u00adkeit hinweisen.<\/p>\n<p>Ver\u00adpflich\u00adtun\u00adgen zur Ent\u00adfer\u00adnung oder Sper\u00adrung der Nut\u00adzung von Infor\u00adma\u00adtio\u00adnen nach den all\u00adge\u00admei\u00adnen Geset\u00adzen blei\u00adben hier\u00advon unbe\u00adr\u00fchrt. Eine dies\u00adbe\u00adz\u00fcg\u00adli\u00adche Haf\u00adtung ist jedoch erst ab dem Zeit\u00adpunkt der Kennt\u00adnis einer kon\u00adkre\u00adten Rechts\u00adver\u00adlet\u00adzung m\u00f6g\u00adlich. Bei Bekannt\u00adwer\u00adden von ent\u00adspre\u00adchen\u00adden Rechts\u00adver\u00adlet\u00adzun\u00adgen wer\u00adden wir die\u00adse Inhal\u00adte umge\u00adhend entfernen.<\/p>\n<p><strong>Haf\u00adtung f\u00fcr&nbsp;Links<\/strong><\/p>\n<p>Unser Ange\u00adbot ent\u00adh\u00e4lt Links zu exter\u00adnen Web\u00adsei\u00adten Drit\u00adter, auf deren Inhal\u00adte wir kei\u00adnen Ein\u00adfluss haben. Des\u00adhalb k\u00f6n\u00adnen wir f\u00fcr die\u00adse frem\u00adden Inhal\u00adte auch kei\u00adne Gew\u00e4hr \u00fcber\u00adneh\u00admen. F\u00fcr die Inhal\u00adte der ver\u00adlink\u00adten Sei\u00adten ist stets der jewei\u00adli\u00adge Anbie\u00adter oder Betrei\u00adber der Sei\u00adten ver\u00adant\u00adwort\u00adlich. Die ver\u00adlink\u00adten Sei\u00adten wur\u00adden zum Zeit\u00adpunkt der Ver\u00adlin\u00adkung auf m\u00f6g\u00adli\u00adche Rechts\u00adver\u00adst\u00f6\u00ad\u00dfe \u00fcber\u00adpr\u00fcft. Rechts\u00adwid\u00adri\u00adge Inhal\u00adte waren zum Zeit\u00adpunkt der Ver\u00adlin\u00adkung nicht erkennbar.<\/p>\n<p>Eine per\u00adma\u00adnen\u00adte inhalt\u00adli\u00adche Kon\u00adtrol\u00adle der ver\u00adlink\u00adten Sei\u00adten ist jedoch ohne kon\u00adkre\u00adte Anhalts\u00adpunk\u00adte einer Rechts\u00adver\u00adlet\u00adzung nicht zumut\u00adbar. Bei Bekannt\u00adwer\u00adden von Rechts\u00adver\u00adlet\u00adzun\u00adgen wer\u00adden wir der\u00adar\u00adti\u00adge Links umge\u00adhend entfernen.<\/p>\n<p><strong>Urhe\u00adber\u00adrecht<\/strong><\/p>\n<p>Die durch die Sei\u00adten\u00adbe\u00adtrei\u00adber erstell\u00adten Inhal\u00adte und Wer\u00adke auf die\u00adsen Sei\u00adten unter\u00adlie\u00adgen dem deut\u00adschen Urhe\u00adber\u00adrecht. Die Ver\u00adviel\u00adf\u00e4l\u00adti\u00adgung, Bear\u00adbei\u00adtung, Ver\u00adbrei\u00adtung und jede Art der Ver\u00adwer\u00adtung au\u00dfer\u00adhalb der Gren\u00adzen des Urhe\u00adber\u00adrech\u00adtes bed\u00fcr\u00adfen der schrift\u00adli\u00adchen Zustim\u00admung des jewei\u00adli\u00adgen Autors bzw. Erstel\u00adlers. Downloads<br>\nund Kopien die\u00adser Sei\u00adte sind nur f\u00fcr den pri\u00adva\u00adten, nicht kom\u00admer\u00adzi\u00adel\u00adlen Gebrauch gestattet.<\/p>\n<p>Soweit die Inhal\u00adte auf die\u00adser Sei\u00adte nicht vom Betrei\u00adber erstellt wur\u00adden, wer\u00adden die Urhe\u00adber\u00adrech\u00adte Drit\u00adter beachtet.<br>\nIns\u00adbe\u00adson\u00adde\u00adre wer\u00adden Inhal\u00adte Drit\u00adter als sol\u00adche gekenn\u00adzeich\u00adnet. Soll\u00adten Sie trotz\u00addem auf eine Urhe\u00adber\u00adrechts\u00adver\u00adlet\u00adzung auf\u00admerk\u00adsam wer\u00adden, bit\u00adten wir um einen ent\u00adspre\u00adchen\u00adden Hin\u00adweis. Bei Bekanntwerden<br>\nvon Rechts\u00adver\u00adlet\u00adzun\u00adgen wer\u00adden wir der\u00adar\u00adti\u00adge Inhal\u00adte umge\u00adhend entfernen.<\/p>\n<p><strong>Daten\u00adschutz<\/strong><\/p>\n<p>Die Betrei\u00adber die\u00adser Sei\u00adten neh\u00admen den Schutz Ihrer per\u00ads\u00f6n\u00adli\u00adchen Daten sehr ernst. Wir behan\u00addeln Ihre per\u00adso\u00adnen\u00adbe\u00adzo\u00adge\u00adnen Daten ver\u00adtrau\u00adlich und ent\u00adspre\u00adchend der gesetz\u00adli\u00adchen Daten\u00adschutz\u00advor\u00adschrif\u00adten sowie die\u00adser Datenschutzerkl\u00e4rung.<\/p>\n<p>Die Nut\u00adzung unse\u00adrer Web\u00adsei\u00adte ist in der Regel ohne Anga\u00adbe per\u00adso\u00adnen\u00adbe\u00adzo\u00adge\u00adner Daten m\u00f6g\u00adlich. Soweit auf unse\u00adren Sei\u00adten per\u00adso\u00adnen\u00adbe\u00adzo\u00adge\u00adne Daten (bei\u00adspiels\u00adwei\u00adse Name, Anschrift oder E-Mail-Adres\u00adsen) erho\u00adben wer\u00adden, erfolgt dies,<br>\nsoweit m\u00f6g\u00adlich, stets auf frei\u00adwil\u00adli\u00adger Basis. Die\u00adse Daten wer\u00adden ohne Ihre aus\u00addr\u00fcck\u00adli\u00adche Zustim\u00admung nicht an Drit\u00adte weitergegeben.<\/p>\n<p>Wir wei\u00adsen dar\u00adauf hin, dass die Daten\u00ad\u00fcber\u00adtra\u00adgung im Inter\u00adnet (z.B. bei der Kom\u00admu\u00adni\u00adka\u00adti\u00adon per E-Mail) Sicher\u00adheits\u00adl\u00fc\u00adcken auf\u00adwei\u00adsen kann. Ein l\u00fccken\u00adlo\u00adser Schutz der Daten vor dem Zugriff durch Drit\u00adte ist nicht m\u00f6glich.<\/p>\n<p><strong>Daten\u00adschutz\u00ader\u00adkl\u00e4\u00adrung f\u00fcr die Nut\u00adzung von etracker<\/strong><\/p>\n<p>Unse\u00adre Web\u00adsei\u00adte nutzt den Ana\u00adly\u00adse\u00addienst etra\u00adcker. Anbie\u00adter ist die etra\u00adcker GmbH, Ers\u00adte Brun\u00adnen\u00adstra\u00ad\u00dfe 1, 20459 Ham\u00adburg Ger\u00adma\u00adny. Aus den Daten k\u00f6n\u00adnen unter einem Pseud\u00adonym Nut\u00adzungs\u00adpro\u00adfi\u00adle erstellt wer\u00adden. Dazu k\u00f6n\u00adnen Coo\u00adkies ein\u00adge\u00adsetzt wer\u00adden. Bei Coo\u00adkies han\u00addelt es sich um klei\u00adne Text\u00adda\u00adtei\u00aden, die lokal im Zwi\u00adschen\u00adspei\u00adcher Ihres Inter\u00adnet-Brow\u00adsers gespei\u00adchert wer\u00adden. Die Coo\u00adkies erm\u00f6g\u00adli\u00adchen es, Ihren Brow\u00adser wie\u00adder zu erken\u00adnen. Die mit den etra\u00adcker-Tech\u00adno\u00adlo\u00adgien erho\u00adbe\u00adnen Daten wer\u00adden ohne die geson\u00addert erteil\u00adte Zustim\u00admung des Betrof\u00adfe\u00adnen nicht genutzt, Besu\u00adcher unse\u00adrer Web\u00adsite per\u00ads\u00f6n\u00adlich zu iden\u00adti\u00adfi\u00adzie\u00adren und wer\u00adden nicht mit per\u00adso\u00adnen\u00adbe\u00adzo\u00adge\u00adnen&nbsp;Daten<br>\n\u00fcber den Tr\u00e4\u00adger des Pseud\u00adonyms zusammengef\u00fchrt.<\/p>\n<p>Der Daten\u00ader\u00adhe\u00adbung und -spei\u00adche\u00adrung k\u00f6n\u00adnen Sie jeder\u00adzeit mit Wir\u00adkung f\u00fcr die Zukunft wider\u00adspre\u00adchen. Um einer Daten\u00ader\u00adhe\u00adbung und -spei\u00adche\u00adrung Ihrer Besu\u00adcher\u00adda\u00adten f\u00fcr die Zukunft zu wider\u00adspre\u00adchen, k\u00f6n\u00adnen Sie unter nach\u00adfol\u00adgen\u00addem Link ein Opt-Out-Coo\u00adkie von etra\u00adcker bezie\u00adhen, die\u00adser bewirkt, dass zuk\u00fcnf\u00adtig kei\u00adne Besu\u00adcher\u00adda\u00adten Ihres Brow\u00adsers bei etra\u00adcker erho\u00adben und gespei\u00adchert wer\u00adden:&nbsp;<a href=\"http:\/\/www.etracker.de\/privacy?et=V23Jbb\" target=\"_blank\" rel=\"noopener\">http:\/\/www.etracker.de\/privacy?et=V23Jbb<\/a><\/p>\n<p>Dadurch wird ein Opt-Out-Coo\u00adkie mit dem Namen \u201ecnt\u00adcoo\u00adkie\u201c von etra\u00adcker gesetzt. Bit\u00adte l\u00f6schen Sie die\u00adsen Coo\u00adkie nicht, solan\u00adge Sie Ihren Wider\u00adspruch auf\u00adrecht erhal\u00adten m\u00f6ch\u00adten. Wei\u00adte\u00adre Infor\u00adma\u00adtio\u00adnen fin\u00adden Sie in den Daten\u00adschutz\u00adbe\u00adstim\u00admun\u00adgen von etra\u00adcker:&nbsp;<a href=\"http:\/\/www.etracker.com\/de\/datenschutz.html\" target=\"_blank\" rel=\"noopener\">http:\/\/www.etracker.com\/de\/datenschutz.html<\/a><\/p>\n<p><strong>Daten\u00adschutz\u00ader\u00adkl\u00e4\u00adrung f\u00fcr die Nut\u00adzung von Face\u00adbook-Plug\u00adins (Like-But\u00adton)<\/strong><\/p>\n<p>Auf unse\u00adren Sei\u00adten sind Plug\u00adins des sozia\u00adlen Netz\u00adwerks Face\u00adbook, Anbie\u00adter Face\u00adbook Inc., 1 Hacker Way, Men\u00adlo Park, Cali\u00adfor\u00adnia 94025, USA, inte\u00adgriert. Die Face\u00adbook-Plug\u00adins erken\u00adnen Sie an dem Face\u00adbook-Logo oder dem \u201eLike-But\u00adton\u201c (\u201eGef\u00e4llt mir\u201c) auf unse\u00adrer Sei\u00adte. Eine \u00fcber\u00adsicht \u00fcber die Face\u00adbook-Plug\u00adins fin\u00adden Sie hier:&nbsp;<a href=\"http:\/\/developers.facebook.com\/docs\/plugins\/\" target=\"_blank\" rel=\"noopener\">http:\/\/developers.facebook.com\/docs\/plugins\/<\/a>.<\/p>\n<p>Wenn Sie unse\u00adre Sei\u00adten besu\u00adchen, wird \u00fcber das Plug\u00adin eine direk\u00adte Ver\u00adbin\u00addung zwi\u00adschen Ihrem Brow\u00adser und dem Face\u00adbook-Ser\u00adver her\u00adge\u00adstellt. Face\u00adbook erh\u00e4lt dadurch die Infor\u00adma\u00adti\u00adon, dass Sie mit Ihrer IP-Adres\u00adse unse\u00adre Sei\u00adte besucht haben. Wenn Sie den Face\u00adbook \u201eLike-But\u00adton\u201c ankli\u00adcken w\u00e4h\u00adrend Sie in Ihrem Face\u00adbook-Account ein\u00adge\u00adloggt sind, k\u00f6n\u00adnen Sie die Inhal\u00adte unse\u00adrer Sei\u00adten auf Ihrem Face\u00adbook-Pro\u00adfil ver\u00adlin\u00adken. Dadurch kann Face\u00adbook den Besuch unse\u00adrer Sei\u00adten Ihrem Benut\u00adzer\u00adkon\u00adto zuordnen.<\/p>\n<p>Wir wei\u00adsen dar\u00adauf hin, dass wir als Anbie\u00adter der Sei\u00adten kei\u00adne Kennt\u00adnis vom Inhalt der \u00fcber\u00admit\u00adtel\u00adten Daten sowie deren Nut\u00adzung durch Face\u00adbook erhal\u00adten. Wei\u00adte\u00adre Infor\u00adma\u00adtio\u00adnen hier\u00adzu fin\u00adden Sie in der Daten\u00adschutz\u00ader\u00adkl\u00e4\u00adrung von Face\u00adbook unter&nbsp;<a href=\"http:\/\/de-de.facebook.com\/policy.php\" target=\"_blank\" rel=\"noopener\">http:\/\/dede.facebook.com\/policy.php<\/a>.<\/p>\n<p>Wenn Sie nicht w\u00fcn\u00adschen, dass Face\u00adbook den Besuch unse\u00adrer Sei\u00adten Ihrem Face\u00adbook-Nut\u00adzer\u00adkon\u00adto zuord\u00adnen kann, log\u00adgen Sie sich bit\u00adte aus Ihrem Face\u00adbook-Benut\u00adzer\u00adkon\u00adto&nbsp;aus.<\/p>\n<p><strong>Daten\u00adschutz\u00ader\u00adkl\u00e4\u00adrung f\u00fcr die Nut\u00adzung von Automattic<\/strong><\/p>\n<p>Die\u00adse Web\u00adsite nutzt Funk\u00adtio\u00adnen des Web\u00adana\u00adly\u00adse\u00addiens\u00adtes Auto\u00admat\u00adtic&nbsp;Inc.<\/p>\n<p>Auto\u00admat\u00adtic ver\u00adwen\u00addet sog. \u201eCoo\u00adkies\u201c. Das sind Text\u00adda\u00adtei\u00aden, die auf Ihrem Com\u00adpu\u00adter gespei\u00adchert wer\u00adden und die eine Ana\u00adly\u00adse der Benut\u00adzung der Web\u00adsite durch Sie erm\u00f6g\u00adli\u00adchen. Die durch den Coo\u00adkie erzeug\u00adten Infor\u00adma\u00adtio\u00adnen \u00fcber Ihre Benut\u00adzung die\u00adser Web\u00adsite wer\u00adden in der Regel an einen Ser\u00adver von Auto\u00admat\u00adtic in den USA \u00fcber\u00adtra\u00adgen und dort gespeichert.<\/p>\n<p><strong>Daten\u00adschutz\u00ader\u00adkl\u00e4\u00adrung f\u00fcr die Nut\u00adzung von Goog\u00adle Analytics<\/strong><\/p>\n<p>Die\u00adse Web\u00adsite nutzt Funk\u00adtio\u00adnen des Web\u00adana\u00adly\u00adse\u00addiens\u00adtes Goog\u00adle Ana\u00adly\u00adtics. Anbie\u00adter ist die Goog\u00adle Inc., 1600 Amphi\u00adtheat\u00adre Park\u00adway Moun\u00adtain View, CA 94043, USA.<\/p>\n<p>Goog\u00adle Ana\u00adly\u00adtics ver\u00adwen\u00addet sog. \u201eCoo\u00adkies\u201c. Das sind Text\u00adda\u00adtei\u00aden, die auf Ihrem Com\u00adpu\u00adter gespei\u00adchert wer\u00adden und die eine Ana\u00adly\u00adse der Benut\u00adzung der Web\u00adsite durch Sie erm\u00f6g\u00adli\u00adchen. Die durch den Coo\u00adkie erzeug\u00adten Infor\u00adma\u00adtio\u00adnen \u00fcber Ihre Benut\u00adzung die\u00adser Web\u00adsite wer\u00adden in der Regel an einen Ser\u00adver von Goog\u00adle in den USA \u00fcber\u00adtra\u00adgen und dort gespeichert.<\/p>\n<p>Mehr Infor\u00adma\u00adtio\u00adnen zum Umgang mit Nut\u00adzer\u00adda\u00adten bei Goog\u00adle Ana\u00adly\u00adtics fin\u00adden Sie in der Daten\u00adschutz\u00ader\u00adkl\u00e4\u00adrung von Goog\u00adle:&nbsp;<a href=\"https:\/\/support.google.com\/analytics\/answer\/6004245?hl=de\" target=\"_blank\" rel=\"noopener\">https:\/\/support.google.com\/analytics\/answer\/6004245?<\/a><\/p>\n<p><strong>Brow\u00adser Plugin<\/strong><\/p>\n<p>Sie k\u00f6n\u00adnen die Spei\u00adche\u00adrung der Coo\u00adkies durch eine ent\u00adspre\u00adchen\u00adde Ein\u00adstel\u00adlung Ihrer Brow\u00adser-Soft\u00adware ver\u00adhin\u00addern; wir wei\u00adsen Sie jedoch dar\u00adauf hin, dass Sie in die\u00adsem Fall gege\u00adbe\u00adnen\u00adfalls nicht s\u00e4mt\u00adli\u00adche Funk\u00adtio\u00adnen die\u00adser Web\u00adsite voll\u00adum\u00adf\u00e4ng\u00adlich wer\u00adden nut\u00adzen k\u00f6n\u00adnen. Sie k\u00f6n\u00adnen dar\u00ad\u00fcber hin\u00adaus die Erfas\u00adsung der durch das Coo\u00adkie erzeug\u00adten und auf Ihre Nut\u00adzung der Web\u00adsite bezo\u00adge\u00adnen Daten (inkl. Ihrer IP-Adres\u00adse) an Goog\u00adle sowie die Ver\u00adar\u00adbei\u00adtung die\u00adser Daten durch Goog\u00adle ver\u00adhin\u00addern, indem sie das unter dem fol\u00adgen\u00adden Link ver\u00adf\u00fcg\u00adba\u00adre Brow\u00adser-Plug\u00adin her\u00adun\u00adter\u00adla\u00adden und instal\u00adlie\u00adren:&nbsp;<a href=\"https:\/\/tools.google.com\/dlpage\/gaoptout?hl=de\" target=\"_blank\" rel=\"noopener\">https:\/\/tools.google.com\/dlpage\/gaoptout?hl=de<\/a><\/p>\n<p><strong>Wider\u00adspruch gegen Datenerfassung<\/strong><\/p>\n<p>Sie k\u00f6n\u00adnen die Erfas\u00adsung Ihrer Daten durch Goog\u00adle Ana\u00adly\u00adtics ver\u00adhin\u00addern, indem Sie auf fol\u00adgen\u00adden Link kli\u00adcken. Es wird ein Opt-Out-Coo\u00adkie gesetzt, dass das Erfas\u00adsung Ihrer Daten bei zuk\u00fcnf\u00adti\u00adgen Besu\u00adchen die\u00adser Web\u00adsite ver\u00adhin\u00addert:&nbsp;<a>Goog\u00adle Ana\u00adly\u00adtics deaktivieren<\/a><\/p>\n<p><strong>Daten\u00adschutz\u00ader\u00adkl\u00e4\u00adrung f\u00fcr die Nut\u00adzung von LinkedIn<\/strong><\/p>\n<p>Unse\u00adre Web\u00adsite nutzt Funk\u00adtio\u00adnen des Netz\u00adwerks Lin\u00adke\u00addIn. Anbie\u00adter ist die Lin\u00adke\u00addIn Cor\u00adpo\u00adra\u00adti\u00adon, 2029 Stier\u00adlin Court, Moun\u00adtain View, CA 94043, USA. Bei jedem Abruf einer unse\u00adrer Sei\u00adten, die Funk\u00adtio\u00adnen von Lin\u00adke\u00addIn ent\u00adh\u00e4lt, wird eine Ver\u00adbin\u00addung zu Ser\u00advern von Lin\u00adke\u00addIn auf\u00adbaut. Lin\u00adke\u00addIn wird dar\u00ad\u00fcber infor\u00admiert, dass Sie unse\u00adre Inter\u00adnet\u00adsei\u00adten mit Ihrer IP-Adres\u00adse besucht haben. Wenn Sie den \u201eRecom\u00admend-But\u00adton\u201c von Lin\u00adke\u00addIn ankli\u00adcken und in Ihrem Account bei Lin\u00adke\u00addIn ein\u00adge\u00adloggt sind, ist es Lin\u00adke\u00addIn m\u00f6g\u00adlich, Ihren Besuch auf unse\u00adrer Inter\u00adnet\u00adsei\u00adte Ihnen und Ihrem Benut\u00adzer\u00adkon\u00adto zuzu\u00adord\u00adnen. Wir wei\u00adsen dar\u00adauf hin, dass wir als Anbie\u00adter der Sei\u00adten kei\u00adne Kennt\u00adnis vom Inhalt der \u00fcber\u00admit\u00adtel\u00adten Daten sowie deren Nut\u00adzung durch Lin\u00adke\u00addIn&nbsp;haben.<\/p>\n<p>Wei\u00adte\u00adre Infor\u00adma\u00adtio\u00adnen hier\u00adzu fin\u00adden Sie in der Daten\u00adschutz\u00ader\u00adkl\u00e4\u00adrung von Lin\u00adke\u00addIn unter:&nbsp;<a href=\"https:\/\/www.linkedin.com\/legal\/privacy-policy\" target=\"_blank\" rel=\"noopener\">https:\/\/www.linkedin.com\/legal\/privacypolicy<\/a><\/p>\n<p><strong>Daten\u00adschutz\u00ader\u00adkl\u00e4\u00adrung f\u00fcr die Nut\u00adzung von&nbsp;Xing<\/strong><\/p>\n<p>Unse\u00adre Web\u00adsei\u00adte nutzt Funk\u00adtio\u00adnen des Netz\u00adwerks XING. Anbie\u00adter ist die XING AG, Damm\u00adtor\u00adstra\u00ad\u00dfe 29-32, 20354 Ham\u00adburg, Deutsch\u00adland. Bei jedem Abruf einer unse\u00adrer Sei\u00adten, die Funk\u00adtio\u00adnen von Xing ent\u00adh\u00e4lt, wird eine Ver\u00adbin\u00addung zu Ser\u00advern von Xing her\u00adge\u00adstellt. Eine Spei\u00adche\u00adrung von per\u00adso\u00adnen\u00adbe\u00adzo\u00adge\u00adnen Daten erfolgt dabei nach unse\u00adrer Kennt\u00adnis nicht. Ins\u00adbe\u00adson\u00adde\u00adre wer\u00adden kei\u00adne IP-Adres\u00adsen gespei\u00adchert oder das Nut\u00adzungs\u00adver\u00adhal\u00adten ausgewertet.<\/p>\n<p>Wei\u00adte\u00adre Infor\u00adma\u00adti\u00adon zum Daten\u00adschutz und dem Xing Share-But\u00adton fin\u00adden Sie in der Daten\u00adschutz\u00ader\u00adkl\u00e4\u00adrung von Xing unter&nbsp;<a href=\"https:\/\/www.xing.com\/app\/share?op=data_protection\" target=\"_blank\" rel=\"noopener\">https:\/\/www.xing.com\/app\/share?op=data_protection<\/a><\/p>\n<p><strong>Aus\u00adkunft, L\u00f6schung, Sperrung<\/strong><\/p>\n<p>Sie haben jeder\u00adzeit das Recht auf unent\u00adgelt\u00adli\u00adche Aus\u00adkunft \u00fcber Ihre gespei\u00adcher\u00adten per\u00adso\u00adnen\u00adbe\u00adzo\u00adge\u00adnen Daten, deren Her\u00adkunft und Emp\u00adf\u00e4n\u00adger und den Zweck der Daten\u00adver\u00adar\u00adbei\u00adtung sowie ein Recht auf Berich\u00adti\u00adgung, Sper\u00adrung oder L\u00f6schung die\u00adser Daten. Hier\u00adzu sowie zu wei\u00adte\u00adren Fra\u00adgen zum The\u00adma per\u00adso\u00adnen\u00adbe\u00adzo\u00adge\u00adne Daten k\u00f6n\u00adnen Sie sich jeder\u00adzeit unter der im Impres\u00adsum ange\u00adge\u00adbe\u00adnen Adres\u00adse an uns wenden.<\/p>\n<p><strong>Ser\u00adver-Log-Files<\/strong><\/p>\n<p>Der Pro\u00advi\u00adder der Sei\u00adten erhebt und spei\u00adchert auto\u00adma\u00adtisch Infor\u00adma\u00adtio\u00adnen in so genann\u00adten Ser\u00adver-Log Files, die Ihr Brow\u00adser auto\u00adma\u00adtisch an uns \u00fcber\u00admit\u00adtelt. Dies&nbsp;sind:<\/p>\n<ul>\n<li>Browsertyp\/ Brow\u00adser\u00adver\u00adsi\u00adon<\/li>\n<li>ver\u00adwen\u00adde\u00adtes Betriebssystem<\/li>\n<li>Refer\u00adrer&nbsp;URL<\/li>\n<li>Host\u00adna\u00adme des zugrei\u00adfen\u00adden Rechners<\/li>\n<li>Uhr\u00adzeit der Serveranfrage<\/li>\n<\/ul>\n<p>Die\u00adse Daten sind nicht bestimm\u00adten Per\u00adso\u00adnen zuor\u00adden\u00adbar. Eine Zusam\u00admen\u00adf\u00fch\u00adrung die\u00adser Daten mit ande\u00adren Daten\u00adquel\u00adlen wird nicht vor\u00adge\u00adnom\u00admen. Wir behal\u00adten uns vor, die\u00adse Daten nach\u00adtr\u00e4g\u00adlich zu pr\u00fc\u00adfen, wenn uns kon\u00adkre\u00adte Anhalts\u00adpunk\u00adte f\u00fcr eine rechts\u00adwid\u00adri\u00adge Nut\u00adzung bekannt werden.<\/p>\n<p><strong>Kon\u00adtakt\u00adfor\u00admu\u00adlar<\/strong><\/p>\n<p>Wenn Sie uns per Kon\u00adtakt\u00adfor\u00admu\u00adlar Anfra\u00adgen zukom\u00admen las\u00adsen, wer\u00adden Ihre Anga\u00adben aus dem Anfra\u00adge\u00adfor\u00admu\u00adlar inklu\u00adsi\u00adve der von Ihnen dort ange\u00adge\u00adbe\u00adnen Kon\u00adtakt\u00adda\u00adten zwecks Bear\u00adbei\u00adtung der Anfra\u00adge und f\u00fcr den Fall von Anschluss\u00adfra\u00adgen bei uns gespei\u00adchert. Die\u00adse Daten geben wir nicht ohne Ihre Ein\u00adwil\u00adli\u00adgung weiter.<\/p>\n<p><strong>Wider\u00adspruch Werbe-Mails<\/strong><\/p>\n<p>Der Nut\u00adzung von im Rah\u00admen der Impres\u00adsums\u00adpflicht ver\u00ad\u00f6f\u00adfent\u00adlich\u00adten Kon\u00adtakt\u00adda\u00adten zur \u00dcber\u00adsen\u00addung von nicht aus\u00addr\u00fcck\u00adlich ange\u00adfor\u00adder\u00adter Wer\u00adbung und Infor\u00adma\u00adti\u00adons\u00adma\u00adte\u00adria\u00adli\u00aden wird hier\u00admit wider\u00adspro\u00adchen. Die Betrei\u00adber der Sei\u00adten behal\u00adten sich aus\u00addr\u00fcck\u00adlich recht\u00adli\u00adche Schrit\u00adte im Fal\u00adle der unver\u00adlang\u00adten Zusen\u00addung von Wer\u00adbe\u00adinfor\u00adma\u00adtio\u00adnen, etwa durch Spam-E-Mails, vor.<\/p>\n<p><strong>News\u00adlet\u00adter\u00adda\u00adten<\/strong><\/p>\n<p>Wenn Sie den auf der Web\u00adsei\u00adte ange\u00adbo\u00adte\u00adnen News\u00adlet\u00adter bezie\u00adhen m\u00f6ch\u00adten, ben\u00f6\u00adti\u00adgen wir von Ihnen eine E-Mail-Adres\u00adse sowie Infor\u00adma\u00adtio\u00adnen, wel\u00adche uns die \u00fcber\u00adpr\u00fc\u00adfung gestat\u00adten, dass Sie der Inha\u00adber der ange\u00adge\u00adbe\u00adnen E-Mail-Adres\u00adse sind und mit dem Emp\u00adfang des News\u00adlet\u00adters ein\u00adver\u00adstan\u00adden sind. Wei\u00adte\u00adre Daten wer\u00adden nicht erho\u00adben. Die\u00adse Daten ver\u00adwen\u00adden wir aus\u00adschlie\u00df\u00adlich f\u00fcr den Ver\u00adsand der ange\u00adfor\u00adder\u00adten Infor\u00adma\u00adtio\u00adnen und geben sie nicht an Drit\u00adte weiter.<\/p>\n<p>Die erteil\u00adte Ein\u00adwil\u00adli\u00adgung zur Spei\u00adche\u00adrung der Daten, der E-Mail-Adres\u00adse sowie deren Nut\u00adzung zum Ver\u00adsand des News\u00adlet\u00adters k\u00f6n\u00adnen Sie jeder\u00adzeit wider\u00adru\u00adfen, etwa \u00fcber den \u201eAustragen\u201c-Link im Newsletter.<\/p>\n","protected":false},"excerpt":{"rendered":"<p>Daten\u00adschutz\u00ader\u00adkl\u00e4\u00adrung f\u00fcr solidscanner.com Haf\u00adtung f\u00fcr Inhal\u00adte Als Diens\u00adte\u00adan\u00adbie\u00adter sind wir mehr&nbsp;lesen<\/p>\n","protected":false},"author":20,"featured_media":0,"parent":0,"menu_order":0,"comment_status":"closed","ping_status":"closed","template":"","meta":{"wp_typography_post_enhancements_disabled":false,"footnotes":""},"class_list":["post-3","page","type-page","status-publish","hentry"],"_links":{"self":[{"href":"https:\/\/solidscanner.com\/de\/wp-json\/wp\/v2\/pages\/3","targetHints":{"allow":["GET"]}}],"collection":[{"href":"https:\/\/solidscanner.com\/de\/wp-json\/wp\/v2\/pages"}],"about":[{"href":"https:\/\/solidscanner.com\/de\/wp-json\/wp\/v2\/types\/page"}],"author":[{"embeddable":true,"href":"https:\/\/solidscanner.com\/de\/wp-json\/wp\/v2\/users\/20"}],"replies":[{"embeddable":true,"href":"https:\/\/solidscanner.com\/de\/wp-json\/wp\/v2\/comments?post=3"}],"version-history":[{"count":0,"href":"https:\/\/solidscanner.com\/de\/wp-json\/wp\/v2\/pages\/3\/revisions"}],"wp:attachment":[{"href":"https:\/\/solidscanner.com\/de\/wp-json\/wp\/v2\/media?parent=3"}],"curies":[{"name":"wp","href":"https:\/\/api.w.org\/{rel}","templated":true}]}}