{"id":19498,"date":"2025-09-02T17:03:02","date_gmt":"2025-09-02T15:03:02","guid":{"rendered":"https:\/\/solidscanner.com\/shop\/unkategorisiert\/nir-rm-3\/"},"modified":"2026-04-21T23:24:04","modified_gmt":"2026-04-21T21:24:04","slug":"nir-rm-3","status":"publish","type":"product","link":"https:\/\/solidscanner.com\/de\/shop\/zubehoer\/nir-rm-3\/","title":{"rendered":"Wei\u00dfstandard (NIR-RM-3) + reflektierendes serielles Zubeh\u00f6r"},"content":{"rendered":"<p>Wei\u00df\u00adstan\u00addard (NIR-RM-3) und reflek\u00adtie\u00adren\u00addes seri\u00adel\u00adles Zube\u00adh\u00f6r f\u00fcr die Kali\u00adbrie\u00adrung und Ein\u00adrich\u00adtung im Reflexionsmodus.<\/p>\n","protected":false},"excerpt":{"rendered":"<p>Emp\u00adfoh\u00adlen f\u00fcr Reflexionsmessungen.<\/p>\n","protected":false},"featured_media":0,"template":"","meta":{"wp_typography_post_enhancements_disabled":false},"product_brand":[],"product_cat":[40],"product_tag":[203],"class_list":{"0":"post-19498","1":"product","2":"type-product","3":"status-publish","5":"product_cat-zubehoer","6":"product_tag-inno-spectra","7":"product_shipping_class-zubehoer","9":"first","10":"instock","11":"taxable","12":"shipping-taxable","13":"purchasable","14":"product-type-simple"},"_links":{"self":[{"href":"https:\/\/solidscanner.com\/de\/wp-json\/wp\/v2\/product\/19498","targetHints":{"allow":["GET"]}}],"collection":[{"href":"https:\/\/solidscanner.com\/de\/wp-json\/wp\/v2\/product"}],"about":[{"href":"https:\/\/solidscanner.com\/de\/wp-json\/wp\/v2\/types\/product"}],"wp:attachment":[{"href":"https:\/\/solidscanner.com\/de\/wp-json\/wp\/v2\/media?parent=19498"}],"wp:term":[{"taxonomy":"product_brand","embeddable":true,"href":"https:\/\/solidscanner.com\/de\/wp-json\/wp\/v2\/product_brand?post=19498"},{"taxonomy":"product_cat","embeddable":true,"href":"https:\/\/solidscanner.com\/de\/wp-json\/wp\/v2\/product_cat?post=19498"},{"taxonomy":"product_tag","embeddable":true,"href":"https:\/\/solidscanner.com\/de\/wp-json\/wp\/v2\/product_tag?post=19498"}],"curies":[{"name":"wp","href":"https:\/\/api.w.org\/{rel}","templated":true}]}}